{"id":786,"date":"2020-11-04T21:59:01","date_gmt":"2020-11-04T20:59:01","guid":{"rendered":"http:\/\/dpsg-wernau.de\/wordpress\/?page_id=786"},"modified":"2022-11-08T10:07:05","modified_gmt":"2022-11-08T09:07:05","slug":"woelflingsstufe","status":"publish","type":"page","link":"https:\/\/dpsg-wernau.de\/wordpress\/woelflingsstufe\/","title":{"rendered":"W\u00f6lflingsstufe"},"content":{"rendered":"<h2>W\u00f6lflingsstufe<\/h2>\n<p>Wenn Ihr Kind mindestens 7 Jahre alt ist, kann es &#8222;W\u00f6lfling&#8220; werden. In der Kinderstufe stehen die W\u00f6lflinge am Anfang einer Entdeckungsreise, in der sie bis zum 10. Lebensjahr vieles lernen, ausprobieren und erleben k\u00f6nnen.<\/p>\n<p>Damit Ihr Kind zum W\u00f6lfling wird, einfach bei uns vorbeikommen und mal in die Gruppenstunde rein schnuppern.<\/p>\n<p><strong>Die W\u00f6lflinge treffen sich bei uns:<\/strong><\/p>\n<p><strong style=\"letter-spacing: 0px;\">Freitags, 16:30 Uhr:<\/strong><\/p>\n<p>W\u00f6lflinge + Pfadis (7-13 Jahre)<br \/>\nGruppenleiter: Flori, Philipp und Maike<\/p>\n","protected":false},"excerpt":{"rendered":"<p>W\u00f6lflingsstufe Wenn Ihr Kind mindestens 7 Jahre alt ist, kann es &#8222;W\u00f6lfling&#8220; werden. In der Kinderstufe stehen die W\u00f6lflinge am Anfang einer Entdeckungsreise, in der sie bis zum 10. Lebensjahr vieles lernen, ausprobieren und erleben k\u00f6nnen. Damit Ihr Kind zum W\u00f6lfling wird, einfach bei uns vorbeikommen und mal in die Gruppenstunde rein schnuppern. Die W\u00f6lflinge&#8230;<\/p>\n","protected":false},"author":2,"featured_media":0,"parent":0,"menu_order":0,"comment_status":"closed","ping_status":"closed","template":"elementor_header_footer","meta":[],"yoast_head":"<!-- This site is optimized with the Yoast SEO plugin v19.14 - https:\/\/yoast.com\/wordpress\/plugins\/seo\/ -->\n<title>W\u00f6lflingsstufe - [D]PSG Wernau<\/title>\n<meta name=\"robots\" content=\"index, follow, max-snippet:-1, max-image-preview:large, max-video-preview:-1\" \/>\n<link rel=\"canonical\" href=\"https:\/\/dpsg-wernau.de\/wordpress\/woelflingsstufe\/\" \/>\n<meta property=\"og:locale\" content=\"de_DE\" \/>\n<meta property=\"og:type\" content=\"article\" \/>\n<meta property=\"og:title\" content=\"W\u00f6lflingsstufe - [D]PSG Wernau\" \/>\n<meta property=\"og:description\" content=\"W\u00f6lflingsstufe Wenn Ihr Kind mindestens 7 Jahre alt ist, kann es &#8222;W\u00f6lfling&#8220; werden. In der Kinderstufe stehen die W\u00f6lflinge am Anfang einer Entdeckungsreise, in der sie bis zum 10. Lebensjahr vieles lernen, ausprobieren und erleben k\u00f6nnen. Damit Ihr Kind zum W\u00f6lfling wird, einfach bei uns vorbeikommen und mal in die Gruppenstunde rein schnuppern. Die W\u00f6lflinge...\" \/>\n<meta property=\"og:url\" content=\"https:\/\/dpsg-wernau.de\/wordpress\/woelflingsstufe\/\" \/>\n<meta property=\"og:site_name\" content=\"[D]PSG Wernau\" \/>\n<meta property=\"article:modified_time\" content=\"2022-11-08T09:07:05+00:00\" \/>\n<meta name=\"twitter:card\" content=\"summary_large_image\" \/>\n<meta name=\"twitter:label1\" content=\"Gesch\u00e4tzte Lesezeit\" \/>\n\t<meta name=\"twitter:data1\" content=\"1\u00a0Minute\" \/>\n<script type=\"application\/ld+json\" class=\"yoast-schema-graph\">{\"@context\":\"https:\/\/schema.org\",\"@graph\":[{\"@type\":\"WebPage\",\"@id\":\"https:\/\/dpsg-wernau.de\/wordpress\/woelflingsstufe\/\",\"url\":\"https:\/\/dpsg-wernau.de\/wordpress\/woelflingsstufe\/\",\"name\":\"W\u00f6lflingsstufe - [D]PSG Wernau\",\"isPartOf\":{\"@id\":\"https:\/\/dpsg-wernau.de\/wordpress\/#website\"},\"datePublished\":\"2020-11-04T20:59:01+00:00\",\"dateModified\":\"2022-11-08T09:07:05+00:00\",\"breadcrumb\":{\"@id\":\"https:\/\/dpsg-wernau.de\/wordpress\/woelflingsstufe\/#breadcrumb\"},\"inLanguage\":\"de\",\"potentialAction\":[{\"@type\":\"ReadAction\",\"target\":[\"https:\/\/dpsg-wernau.de\/wordpress\/woelflingsstufe\/\"]}]},{\"@type\":\"BreadcrumbList\",\"@id\":\"https:\/\/dpsg-wernau.de\/wordpress\/woelflingsstufe\/#breadcrumb\",\"itemListElement\":[{\"@type\":\"ListItem\",\"position\":1,\"name\":\"Startseite\",\"item\":\"https:\/\/dpsg-wernau.de\/wordpress\/\"},{\"@type\":\"ListItem\",\"position\":2,\"name\":\"W\u00f6lflingsstufe\"}]},{\"@type\":\"WebSite\",\"@id\":\"https:\/\/dpsg-wernau.de\/wordpress\/#website\",\"url\":\"https:\/\/dpsg-wernau.de\/wordpress\/\",\"name\":\"[D]PSG Wernau\",\"description\":\"Deutsche Pfadfinderschaft St. Georg und Pfadfinderinnenschaft St. Georg\",\"potentialAction\":[{\"@type\":\"SearchAction\",\"target\":{\"@type\":\"EntryPoint\",\"urlTemplate\":\"https:\/\/dpsg-wernau.de\/wordpress\/?s={search_term_string}\"},\"query-input\":\"required name=search_term_string\"}],\"inLanguage\":\"de\"}]}<\/script>\n<!-- \/ Yoast SEO plugin. -->","yoast_head_json":{"title":"W\u00f6lflingsstufe - [D]PSG Wernau","robots":{"index":"index","follow":"follow","max-snippet":"max-snippet:-1","max-image-preview":"max-image-preview:large","max-video-preview":"max-video-preview:-1"},"canonical":"https:\/\/dpsg-wernau.de\/wordpress\/woelflingsstufe\/","og_locale":"de_DE","og_type":"article","og_title":"W\u00f6lflingsstufe - [D]PSG Wernau","og_description":"W\u00f6lflingsstufe Wenn Ihr Kind mindestens 7 Jahre alt ist, kann es &#8222;W\u00f6lfling&#8220; werden. In der Kinderstufe stehen die W\u00f6lflinge am Anfang einer Entdeckungsreise, in der sie bis zum 10. Lebensjahr vieles lernen, ausprobieren und erleben k\u00f6nnen. Damit Ihr Kind zum W\u00f6lfling wird, einfach bei uns vorbeikommen und mal in die Gruppenstunde rein schnuppern. Die W\u00f6lflinge...","og_url":"https:\/\/dpsg-wernau.de\/wordpress\/woelflingsstufe\/","og_site_name":"[D]PSG Wernau","article_modified_time":"2022-11-08T09:07:05+00:00","twitter_card":"summary_large_image","twitter_misc":{"Gesch\u00e4tzte Lesezeit":"1\u00a0Minute"},"schema":{"@context":"https:\/\/schema.org","@graph":[{"@type":"WebPage","@id":"https:\/\/dpsg-wernau.de\/wordpress\/woelflingsstufe\/","url":"https:\/\/dpsg-wernau.de\/wordpress\/woelflingsstufe\/","name":"W\u00f6lflingsstufe - [D]PSG Wernau","isPartOf":{"@id":"https:\/\/dpsg-wernau.de\/wordpress\/#website"},"datePublished":"2020-11-04T20:59:01+00:00","dateModified":"2022-11-08T09:07:05+00:00","breadcrumb":{"@id":"https:\/\/dpsg-wernau.de\/wordpress\/woelflingsstufe\/#breadcrumb"},"inLanguage":"de","potentialAction":[{"@type":"ReadAction","target":["https:\/\/dpsg-wernau.de\/wordpress\/woelflingsstufe\/"]}]},{"@type":"BreadcrumbList","@id":"https:\/\/dpsg-wernau.de\/wordpress\/woelflingsstufe\/#breadcrumb","itemListElement":[{"@type":"ListItem","position":1,"name":"Startseite","item":"https:\/\/dpsg-wernau.de\/wordpress\/"},{"@type":"ListItem","position":2,"name":"W\u00f6lflingsstufe"}]},{"@type":"WebSite","@id":"https:\/\/dpsg-wernau.de\/wordpress\/#website","url":"https:\/\/dpsg-wernau.de\/wordpress\/","name":"[D]PSG Wernau","description":"Deutsche Pfadfinderschaft St. Georg und Pfadfinderinnenschaft St. Georg","potentialAction":[{"@type":"SearchAction","target":{"@type":"EntryPoint","urlTemplate":"https:\/\/dpsg-wernau.de\/wordpress\/?s={search_term_string}"},"query-input":"required name=search_term_string"}],"inLanguage":"de"}]}},"_links":{"self":[{"href":"https:\/\/dpsg-wernau.de\/wordpress\/wp-json\/wp\/v2\/pages\/786"}],"collection":[{"href":"https:\/\/dpsg-wernau.de\/wordpress\/wp-json\/wp\/v2\/pages"}],"about":[{"href":"https:\/\/dpsg-wernau.de\/wordpress\/wp-json\/wp\/v2\/types\/page"}],"author":[{"embeddable":true,"href":"https:\/\/dpsg-wernau.de\/wordpress\/wp-json\/wp\/v2\/users\/2"}],"replies":[{"embeddable":true,"href":"https:\/\/dpsg-wernau.de\/wordpress\/wp-json\/wp\/v2\/comments?post=786"}],"version-history":[{"count":11,"href":"https:\/\/dpsg-wernau.de\/wordpress\/wp-json\/wp\/v2\/pages\/786\/revisions"}],"predecessor-version":[{"id":1044,"href":"https:\/\/dpsg-wernau.de\/wordpress\/wp-json\/wp\/v2\/pages\/786\/revisions\/1044"}],"wp:attachment":[{"href":"https:\/\/dpsg-wernau.de\/wordpress\/wp-json\/wp\/v2\/media?parent=786"}],"curies":[{"name":"wp","href":"https:\/\/api.w.org\/{rel}","templated":true}]}}