{"id":780,"date":"2020-11-04T21:55:22","date_gmt":"2020-11-04T20:55:22","guid":{"rendered":"http:\/\/dpsg-wernau.de\/wordpress\/?page_id=780"},"modified":"2022-11-08T10:08:00","modified_gmt":"2022-11-08T09:08:00","slug":"pfadfinderstufe","status":"publish","type":"page","link":"https:\/\/dpsg-wernau.de\/wordpress\/pfadfinderstufe\/","title":{"rendered":"Pfadfinderstufe"},"content":{"rendered":"<h2>Pfadfinderstufe<\/h2>\n<p>Ab 13 Jahre kann man Mitglied in der Pfadfinderstufe werden.<br \/>\nDie Pfadfinderstufe macht mit ihrer Orientierung \u201awagt es\u2019, das eigene Leben selbst in die Hand zu nehmen. Pfadfinder machen sich gemeinsam auf den Weg, um sich pers\u00f6nlich weiterzuentwickeln. Diese Entwicklungen sind aber nicht vom Geschehen in der Welt losgel\u00f6st. Du bist aufgefordert, deine Zeit in der Pfadfinderstufe und dein Leben f\u00fcr dich zu nutzen und \u201edie Welt ein bisschen besser zu verlassen, als du sie vorgefunden hast\u201c.<br \/>\nIn unseren Gruppenstunden spielen wir zum Beispiel Tischkicker, sind Drau\u00dfen unterwegs, basteln und bauen oder backen auch mal Pizza.<\/p>\n<p><strong>Die Pfadis treffen sich bei uns siehe Gruppenstunden.<\/strong><\/p>\n","protected":false},"excerpt":{"rendered":"<p>Pfadfinderstufe Ab 13 Jahre kann man Mitglied in der Pfadfinderstufe werden. Die Pfadfinderstufe macht mit ihrer Orientierung \u201awagt es\u2019, das eigene Leben selbst in die Hand zu nehmen. Pfadfinder machen sich gemeinsam auf den Weg, um sich pers\u00f6nlich weiterzuentwickeln. Diese Entwicklungen sind aber nicht vom Geschehen in der Welt losgel\u00f6st. Du bist aufgefordert, deine Zeit&#8230;<\/p>\n","protected":false},"author":2,"featured_media":0,"parent":0,"menu_order":0,"comment_status":"closed","ping_status":"closed","template":"elementor_header_footer","meta":[],"yoast_head":"<!-- This site is optimized with the Yoast SEO plugin v19.14 - https:\/\/yoast.com\/wordpress\/plugins\/seo\/ -->\n<title>Pfadfinderstufe - [D]PSG Wernau<\/title>\n<meta name=\"robots\" content=\"index, follow, max-snippet:-1, max-image-preview:large, max-video-preview:-1\" \/>\n<link rel=\"canonical\" href=\"https:\/\/dpsg-wernau.de\/wordpress\/pfadfinderstufe\/\" \/>\n<meta property=\"og:locale\" content=\"de_DE\" \/>\n<meta property=\"og:type\" content=\"article\" \/>\n<meta property=\"og:title\" content=\"Pfadfinderstufe - [D]PSG Wernau\" \/>\n<meta property=\"og:description\" content=\"Pfadfinderstufe Ab 13 Jahre kann man Mitglied in der Pfadfinderstufe werden. Die Pfadfinderstufe macht mit ihrer Orientierung \u201awagt es\u2019, das eigene Leben selbst in die Hand zu nehmen. Pfadfinder machen sich gemeinsam auf den Weg, um sich pers\u00f6nlich weiterzuentwickeln. Diese Entwicklungen sind aber nicht vom Geschehen in der Welt losgel\u00f6st. Du bist aufgefordert, deine Zeit...\" \/>\n<meta property=\"og:url\" content=\"https:\/\/dpsg-wernau.de\/wordpress\/pfadfinderstufe\/\" \/>\n<meta property=\"og:site_name\" content=\"[D]PSG Wernau\" \/>\n<meta property=\"article:modified_time\" content=\"2022-11-08T09:08:00+00:00\" \/>\n<meta name=\"twitter:card\" content=\"summary_large_image\" \/>\n<meta name=\"twitter:label1\" content=\"Gesch\u00e4tzte Lesezeit\" \/>\n\t<meta name=\"twitter:data1\" content=\"1\u00a0Minute\" \/>\n<script type=\"application\/ld+json\" class=\"yoast-schema-graph\">{\"@context\":\"https:\/\/schema.org\",\"@graph\":[{\"@type\":\"WebPage\",\"@id\":\"https:\/\/dpsg-wernau.de\/wordpress\/pfadfinderstufe\/\",\"url\":\"https:\/\/dpsg-wernau.de\/wordpress\/pfadfinderstufe\/\",\"name\":\"Pfadfinderstufe - [D]PSG Wernau\",\"isPartOf\":{\"@id\":\"https:\/\/dpsg-wernau.de\/wordpress\/#website\"},\"datePublished\":\"2020-11-04T20:55:22+00:00\",\"dateModified\":\"2022-11-08T09:08:00+00:00\",\"breadcrumb\":{\"@id\":\"https:\/\/dpsg-wernau.de\/wordpress\/pfadfinderstufe\/#breadcrumb\"},\"inLanguage\":\"de\",\"potentialAction\":[{\"@type\":\"ReadAction\",\"target\":[\"https:\/\/dpsg-wernau.de\/wordpress\/pfadfinderstufe\/\"]}]},{\"@type\":\"BreadcrumbList\",\"@id\":\"https:\/\/dpsg-wernau.de\/wordpress\/pfadfinderstufe\/#breadcrumb\",\"itemListElement\":[{\"@type\":\"ListItem\",\"position\":1,\"name\":\"Startseite\",\"item\":\"https:\/\/dpsg-wernau.de\/wordpress\/\"},{\"@type\":\"ListItem\",\"position\":2,\"name\":\"Pfadfinderstufe\"}]},{\"@type\":\"WebSite\",\"@id\":\"https:\/\/dpsg-wernau.de\/wordpress\/#website\",\"url\":\"https:\/\/dpsg-wernau.de\/wordpress\/\",\"name\":\"[D]PSG Wernau\",\"description\":\"Deutsche Pfadfinderschaft St. Georg und Pfadfinderinnenschaft St. Georg\",\"potentialAction\":[{\"@type\":\"SearchAction\",\"target\":{\"@type\":\"EntryPoint\",\"urlTemplate\":\"https:\/\/dpsg-wernau.de\/wordpress\/?s={search_term_string}\"},\"query-input\":\"required name=search_term_string\"}],\"inLanguage\":\"de\"}]}<\/script>\n<!-- \/ Yoast SEO plugin. -->","yoast_head_json":{"title":"Pfadfinderstufe - [D]PSG Wernau","robots":{"index":"index","follow":"follow","max-snippet":"max-snippet:-1","max-image-preview":"max-image-preview:large","max-video-preview":"max-video-preview:-1"},"canonical":"https:\/\/dpsg-wernau.de\/wordpress\/pfadfinderstufe\/","og_locale":"de_DE","og_type":"article","og_title":"Pfadfinderstufe - [D]PSG Wernau","og_description":"Pfadfinderstufe Ab 13 Jahre kann man Mitglied in der Pfadfinderstufe werden. Die Pfadfinderstufe macht mit ihrer Orientierung \u201awagt es\u2019, das eigene Leben selbst in die Hand zu nehmen. Pfadfinder machen sich gemeinsam auf den Weg, um sich pers\u00f6nlich weiterzuentwickeln. Diese Entwicklungen sind aber nicht vom Geschehen in der Welt losgel\u00f6st. Du bist aufgefordert, deine Zeit...","og_url":"https:\/\/dpsg-wernau.de\/wordpress\/pfadfinderstufe\/","og_site_name":"[D]PSG Wernau","article_modified_time":"2022-11-08T09:08:00+00:00","twitter_card":"summary_large_image","twitter_misc":{"Gesch\u00e4tzte Lesezeit":"1\u00a0Minute"},"schema":{"@context":"https:\/\/schema.org","@graph":[{"@type":"WebPage","@id":"https:\/\/dpsg-wernau.de\/wordpress\/pfadfinderstufe\/","url":"https:\/\/dpsg-wernau.de\/wordpress\/pfadfinderstufe\/","name":"Pfadfinderstufe - [D]PSG Wernau","isPartOf":{"@id":"https:\/\/dpsg-wernau.de\/wordpress\/#website"},"datePublished":"2020-11-04T20:55:22+00:00","dateModified":"2022-11-08T09:08:00+00:00","breadcrumb":{"@id":"https:\/\/dpsg-wernau.de\/wordpress\/pfadfinderstufe\/#breadcrumb"},"inLanguage":"de","potentialAction":[{"@type":"ReadAction","target":["https:\/\/dpsg-wernau.de\/wordpress\/pfadfinderstufe\/"]}]},{"@type":"BreadcrumbList","@id":"https:\/\/dpsg-wernau.de\/wordpress\/pfadfinderstufe\/#breadcrumb","itemListElement":[{"@type":"ListItem","position":1,"name":"Startseite","item":"https:\/\/dpsg-wernau.de\/wordpress\/"},{"@type":"ListItem","position":2,"name":"Pfadfinderstufe"}]},{"@type":"WebSite","@id":"https:\/\/dpsg-wernau.de\/wordpress\/#website","url":"https:\/\/dpsg-wernau.de\/wordpress\/","name":"[D]PSG Wernau","description":"Deutsche Pfadfinderschaft St. Georg und Pfadfinderinnenschaft St. Georg","potentialAction":[{"@type":"SearchAction","target":{"@type":"EntryPoint","urlTemplate":"https:\/\/dpsg-wernau.de\/wordpress\/?s={search_term_string}"},"query-input":"required name=search_term_string"}],"inLanguage":"de"}]}},"_links":{"self":[{"href":"https:\/\/dpsg-wernau.de\/wordpress\/wp-json\/wp\/v2\/pages\/780"}],"collection":[{"href":"https:\/\/dpsg-wernau.de\/wordpress\/wp-json\/wp\/v2\/pages"}],"about":[{"href":"https:\/\/dpsg-wernau.de\/wordpress\/wp-json\/wp\/v2\/types\/page"}],"author":[{"embeddable":true,"href":"https:\/\/dpsg-wernau.de\/wordpress\/wp-json\/wp\/v2\/users\/2"}],"replies":[{"embeddable":true,"href":"https:\/\/dpsg-wernau.de\/wordpress\/wp-json\/wp\/v2\/comments?post=780"}],"version-history":[{"count":4,"href":"https:\/\/dpsg-wernau.de\/wordpress\/wp-json\/wp\/v2\/pages\/780\/revisions"}],"predecessor-version":[{"id":1046,"href":"https:\/\/dpsg-wernau.de\/wordpress\/wp-json\/wp\/v2\/pages\/780\/revisions\/1046"}],"wp:attachment":[{"href":"https:\/\/dpsg-wernau.de\/wordpress\/wp-json\/wp\/v2\/media?parent=780"}],"curies":[{"name":"wp","href":"https:\/\/api.w.org\/{rel}","templated":true}]}}