{"id":776,"date":"2020-11-04T21:54:27","date_gmt":"2020-11-04T20:54:27","guid":{"rendered":"http:\/\/dpsg-wernau.de\/wordpress\/?page_id=776"},"modified":"2022-11-08T10:06:31","modified_gmt":"2022-11-08T09:06:31","slug":"jungpfadfinderstufe","status":"publish","type":"page","link":"https:\/\/dpsg-wernau.de\/wordpress\/jungpfadfinderstufe\/","title":{"rendered":"Jungpfadfinderstufe"},"content":{"rendered":"<h2>Jungpfadfinderstufe<\/h2>\n<p>Jungpfadfinder kann man ab 10 Jahren werden.&nbsp;In der Jungpfadfinderstufe dreht sich alles ums Abenteuer. In den Gruppenstunden sind wir die meiste Zeit drau\u00dfen, spielen Fu\u00dfball oder andere Sportarten. Oftmals werden auch Dinge gebaut, wie zum Beispiel ein Flo\u00df oder eine Rakete, die man direkt im Anschluss dann auch immer ausprobiert. &nbsp;Die \u201eJupfis\u201c haben immer sehr viel Spa\u00df und Action, welche sie gemeinsam mit den Freunden erleben.<br \/>\nWenn Du darauf auch Lust hast, dann schau doch einfach mal vorbei!<\/p>\n<p><strong>Die Jupfis treffen sich bei uns siehe Gruppenstunden.<\/strong><\/p>\n","protected":false},"excerpt":{"rendered":"<p>Jungpfadfinderstufe Jungpfadfinder kann man ab 10 Jahren werden.&nbsp;In der Jungpfadfinderstufe dreht sich alles ums Abenteuer. In den Gruppenstunden sind wir die meiste Zeit drau\u00dfen, spielen Fu\u00dfball oder andere Sportarten. Oftmals werden auch Dinge gebaut, wie zum Beispiel ein Flo\u00df oder eine Rakete, die man direkt im Anschluss dann auch immer ausprobiert. &nbsp;Die \u201eJupfis\u201c haben immer&#8230;<\/p>\n","protected":false},"author":2,"featured_media":0,"parent":0,"menu_order":0,"comment_status":"closed","ping_status":"closed","template":"elementor_header_footer","meta":[],"yoast_head":"<!-- This site is optimized with the Yoast SEO plugin v19.14 - https:\/\/yoast.com\/wordpress\/plugins\/seo\/ -->\n<title>Jungpfadfinderstufe - [D]PSG Wernau<\/title>\n<meta name=\"robots\" content=\"index, follow, max-snippet:-1, max-image-preview:large, max-video-preview:-1\" \/>\n<link rel=\"canonical\" href=\"https:\/\/dpsg-wernau.de\/wordpress\/jungpfadfinderstufe\/\" \/>\n<meta property=\"og:locale\" content=\"de_DE\" \/>\n<meta property=\"og:type\" content=\"article\" \/>\n<meta property=\"og:title\" content=\"Jungpfadfinderstufe - [D]PSG Wernau\" \/>\n<meta property=\"og:description\" content=\"Jungpfadfinderstufe Jungpfadfinder kann man ab 10 Jahren werden.&nbsp;In der Jungpfadfinderstufe dreht sich alles ums Abenteuer. In den Gruppenstunden sind wir die meiste Zeit drau\u00dfen, spielen Fu\u00dfball oder andere Sportarten. Oftmals werden auch Dinge gebaut, wie zum Beispiel ein Flo\u00df oder eine Rakete, die man direkt im Anschluss dann auch immer ausprobiert. &nbsp;Die \u201eJupfis\u201c haben immer...\" \/>\n<meta property=\"og:url\" content=\"https:\/\/dpsg-wernau.de\/wordpress\/jungpfadfinderstufe\/\" \/>\n<meta property=\"og:site_name\" content=\"[D]PSG Wernau\" \/>\n<meta property=\"article:modified_time\" content=\"2022-11-08T09:06:31+00:00\" \/>\n<meta name=\"twitter:card\" content=\"summary_large_image\" \/>\n<script type=\"application\/ld+json\" class=\"yoast-schema-graph\">{\"@context\":\"https:\/\/schema.org\",\"@graph\":[{\"@type\":\"WebPage\",\"@id\":\"https:\/\/dpsg-wernau.de\/wordpress\/jungpfadfinderstufe\/\",\"url\":\"https:\/\/dpsg-wernau.de\/wordpress\/jungpfadfinderstufe\/\",\"name\":\"Jungpfadfinderstufe - [D]PSG Wernau\",\"isPartOf\":{\"@id\":\"https:\/\/dpsg-wernau.de\/wordpress\/#website\"},\"datePublished\":\"2020-11-04T20:54:27+00:00\",\"dateModified\":\"2022-11-08T09:06:31+00:00\",\"breadcrumb\":{\"@id\":\"https:\/\/dpsg-wernau.de\/wordpress\/jungpfadfinderstufe\/#breadcrumb\"},\"inLanguage\":\"de\",\"potentialAction\":[{\"@type\":\"ReadAction\",\"target\":[\"https:\/\/dpsg-wernau.de\/wordpress\/jungpfadfinderstufe\/\"]}]},{\"@type\":\"BreadcrumbList\",\"@id\":\"https:\/\/dpsg-wernau.de\/wordpress\/jungpfadfinderstufe\/#breadcrumb\",\"itemListElement\":[{\"@type\":\"ListItem\",\"position\":1,\"name\":\"Startseite\",\"item\":\"https:\/\/dpsg-wernau.de\/wordpress\/\"},{\"@type\":\"ListItem\",\"position\":2,\"name\":\"Jungpfadfinderstufe\"}]},{\"@type\":\"WebSite\",\"@id\":\"https:\/\/dpsg-wernau.de\/wordpress\/#website\",\"url\":\"https:\/\/dpsg-wernau.de\/wordpress\/\",\"name\":\"[D]PSG Wernau\",\"description\":\"Deutsche Pfadfinderschaft St. Georg und Pfadfinderinnenschaft St. Georg\",\"potentialAction\":[{\"@type\":\"SearchAction\",\"target\":{\"@type\":\"EntryPoint\",\"urlTemplate\":\"https:\/\/dpsg-wernau.de\/wordpress\/?s={search_term_string}\"},\"query-input\":\"required name=search_term_string\"}],\"inLanguage\":\"de\"}]}<\/script>\n<!-- \/ Yoast SEO plugin. -->","yoast_head_json":{"title":"Jungpfadfinderstufe - [D]PSG Wernau","robots":{"index":"index","follow":"follow","max-snippet":"max-snippet:-1","max-image-preview":"max-image-preview:large","max-video-preview":"max-video-preview:-1"},"canonical":"https:\/\/dpsg-wernau.de\/wordpress\/jungpfadfinderstufe\/","og_locale":"de_DE","og_type":"article","og_title":"Jungpfadfinderstufe - [D]PSG Wernau","og_description":"Jungpfadfinderstufe Jungpfadfinder kann man ab 10 Jahren werden.&nbsp;In der Jungpfadfinderstufe dreht sich alles ums Abenteuer. In den Gruppenstunden sind wir die meiste Zeit drau\u00dfen, spielen Fu\u00dfball oder andere Sportarten. Oftmals werden auch Dinge gebaut, wie zum Beispiel ein Flo\u00df oder eine Rakete, die man direkt im Anschluss dann auch immer ausprobiert. &nbsp;Die \u201eJupfis\u201c haben immer...","og_url":"https:\/\/dpsg-wernau.de\/wordpress\/jungpfadfinderstufe\/","og_site_name":"[D]PSG Wernau","article_modified_time":"2022-11-08T09:06:31+00:00","twitter_card":"summary_large_image","schema":{"@context":"https:\/\/schema.org","@graph":[{"@type":"WebPage","@id":"https:\/\/dpsg-wernau.de\/wordpress\/jungpfadfinderstufe\/","url":"https:\/\/dpsg-wernau.de\/wordpress\/jungpfadfinderstufe\/","name":"Jungpfadfinderstufe - [D]PSG Wernau","isPartOf":{"@id":"https:\/\/dpsg-wernau.de\/wordpress\/#website"},"datePublished":"2020-11-04T20:54:27+00:00","dateModified":"2022-11-08T09:06:31+00:00","breadcrumb":{"@id":"https:\/\/dpsg-wernau.de\/wordpress\/jungpfadfinderstufe\/#breadcrumb"},"inLanguage":"de","potentialAction":[{"@type":"ReadAction","target":["https:\/\/dpsg-wernau.de\/wordpress\/jungpfadfinderstufe\/"]}]},{"@type":"BreadcrumbList","@id":"https:\/\/dpsg-wernau.de\/wordpress\/jungpfadfinderstufe\/#breadcrumb","itemListElement":[{"@type":"ListItem","position":1,"name":"Startseite","item":"https:\/\/dpsg-wernau.de\/wordpress\/"},{"@type":"ListItem","position":2,"name":"Jungpfadfinderstufe"}]},{"@type":"WebSite","@id":"https:\/\/dpsg-wernau.de\/wordpress\/#website","url":"https:\/\/dpsg-wernau.de\/wordpress\/","name":"[D]PSG Wernau","description":"Deutsche Pfadfinderschaft St. Georg und Pfadfinderinnenschaft St. Georg","potentialAction":[{"@type":"SearchAction","target":{"@type":"EntryPoint","urlTemplate":"https:\/\/dpsg-wernau.de\/wordpress\/?s={search_term_string}"},"query-input":"required name=search_term_string"}],"inLanguage":"de"}]}},"_links":{"self":[{"href":"https:\/\/dpsg-wernau.de\/wordpress\/wp-json\/wp\/v2\/pages\/776"}],"collection":[{"href":"https:\/\/dpsg-wernau.de\/wordpress\/wp-json\/wp\/v2\/pages"}],"about":[{"href":"https:\/\/dpsg-wernau.de\/wordpress\/wp-json\/wp\/v2\/types\/page"}],"author":[{"embeddable":true,"href":"https:\/\/dpsg-wernau.de\/wordpress\/wp-json\/wp\/v2\/users\/2"}],"replies":[{"embeddable":true,"href":"https:\/\/dpsg-wernau.de\/wordpress\/wp-json\/wp\/v2\/comments?post=776"}],"version-history":[{"count":7,"href":"https:\/\/dpsg-wernau.de\/wordpress\/wp-json\/wp\/v2\/pages\/776\/revisions"}],"predecessor-version":[{"id":1043,"href":"https:\/\/dpsg-wernau.de\/wordpress\/wp-json\/wp\/v2\/pages\/776\/revisions\/1043"}],"wp:attachment":[{"href":"https:\/\/dpsg-wernau.de\/wordpress\/wp-json\/wp\/v2\/media?parent=776"}],"curies":[{"name":"wp","href":"https:\/\/api.w.org\/{rel}","templated":true}]}}