{"id":770,"date":"2020-11-04T21:50:12","date_gmt":"2020-11-04T20:50:12","guid":{"rendered":"http:\/\/dpsg-wernau.de\/wordpress\/?page_id=770"},"modified":"2021-05-08T19:25:36","modified_gmt":"2021-05-08T17:25:36","slug":"dpsg","status":"publish","type":"page","link":"https:\/\/dpsg-wernau.de\/wordpress\/dpsg\/","title":{"rendered":"DPSG"},"content":{"rendered":"\t\t<div data-elementor-type=\"wp-page\" data-elementor-id=\"770\" class=\"elementor elementor-770\">\n\t\t\t\t\t\t<div class=\"elementor-inner\">\n\t\t\t\t<div class=\"elementor-section-wrap\">\n\t\t\t\t\t\t\t\t\t<section class=\"elementor-section elementor-top-section elementor-element elementor-element-2b9827e elementor-section-boxed elementor-section-height-default elementor-section-height-default\" data-id=\"2b9827e\" data-element_type=\"section\">\n\t\t\t\t\t\t<div class=\"elementor-container elementor-column-gap-default\">\n\t\t\t\t\t\t\t<div class=\"elementor-row\">\n\t\t\t\t\t<div class=\"elementor-column elementor-col-100 elementor-top-column elementor-element elementor-element-4d57de4d\" data-id=\"4d57de4d\" data-element_type=\"column\">\n\t\t\t<div class=\"elementor-column-wrap elementor-element-populated\">\n\t\t\t\t\t\t\t<div class=\"elementor-widget-wrap\">\n\t\t\t\t\t\t<div class=\"elementor-element elementor-element-5cccc5e1 elementor-widget elementor-widget-heading\" data-id=\"5cccc5e1\" data-element_type=\"widget\" data-widget_type=\"heading.default\">\n\t\t\t\t<div class=\"elementor-widget-container\">\n\t\t\t<h2 class=\"elementor-heading-title elementor-size-default\">DPSG<\/h2>\t\t<\/div>\n\t\t\t\t<\/div>\n\t\t\t\t<div class=\"elementor-element elementor-element-6aa38585 elementor-widget elementor-widget-heading\" data-id=\"6aa38585\" data-element_type=\"widget\" data-widget_type=\"heading.default\">\n\t\t\t\t<div class=\"elementor-widget-container\">\n\t\t\t<h2 class=\"elementor-heading-title elementor-size-default\">Geschichte der DPSG<\/h2>\t\t<\/div>\n\t\t\t\t<\/div>\n\t\t\t\t<div class=\"elementor-element elementor-element-12c19c49 elementor-widget elementor-widget-text-editor\" data-id=\"12c19c49\" data-element_type=\"widget\" data-widget_type=\"text-editor.default\">\n\t\t\t\t<div class=\"elementor-widget-container\">\n\t\t\t\t\t\t\t\t<div class=\"elementor-text-editor elementor-clearfix\">\n\t\t\t\t<p><strong>1907<\/strong><br \/>Lord Robert Baden Powell, Gr\u00fcnder der Weltpfadfinderbewegung, h\u00e4lt das erste Zeltlager auf Brownsea Island (Gro\u00dfbritannien) ab. Mit 22 Jungen aller sozialen Schichten probiert er erstmals sein Konzept einer P\u00e4dagogik des Erlebens und der Verantwortung f\u00fcr den Einzelnen und die Gruppe.<\/p><p><strong>1908<\/strong><br \/>Baden Powell ver\u00f6ffentlicht sein Buch \u00bbScouting for Boys\u00ab, das sofort rei\u00dfenden Absatz findet und innerhalb kurzer Zeit zur Gr\u00fcndung der Weltpfadfinderbewegung f\u00fchrt. Ihr geh\u00f6ren heute 34 Millionen Mitglieder an. Sie ist damit die gr\u00f6\u00dfte Jugendorganisation der Welt.<\/p><p><strong>1909<\/strong><br \/>Der Pfadfindergedanke schwappt \u00fcber den Kanal auch nach Deutschland: Der Stabsarzt Dr. Alexander Lion &#8222;erfindet&#8220; den Begriff Pfadfinder f\u00fcr das englische Wort &#8222;Scout&#8220; und verbindet in seiner Konzeption deutsche Vorstellungen von Jugendarbeit mit den Ideen Baden-Powells.<\/p><p><strong>1914<\/strong><br \/>In Deutschland gibt es zu Beginn des 1. Weltkrieges schon 110.000 Pfadfinder, die allerdings wegen der unterschiedlichen Interpretation des Inhalts der pfadfinderischen Erziehung in zahlreiche Gruppierungen zersplittert sind. Nach dem Krieg gewinnt die Jugendbewegung an Bedeutung und beeinflusst die Inhalte der Pfadfinderbewegung: Einfaches Leben, Naturbewusstsein, Fahrt und Lager, eigenst\u00e4ndiges Denken und Handeln &#8211; diese Prinzipien gewinnen an Stellenwert.<\/p><p><strong>1922<\/strong><br \/>Weltpfadfinder<br \/>Gr\u00fcndung der Weltpfadfinderbewegung<\/p><p><strong>1928<\/strong><br \/>Erste katholische Pfadfindergruppen gr\u00fcnden sich in Wuppertal, Beuthen, M\u00fcnchen, Berlin, Frankfurt\/Main und Speyer.<\/p><p><strong>1929<\/strong><br \/>Altenberg, 7. Oktober: Die St\u00e4mme schlie\u00dfen sich zur Deutschen Pfadfinderschaft Sankt Georg (DPSG) zusammen. Sie werden in den katholischen Jungm\u00e4nnerverband aufgenommen. Aus den anfangs 800 Mitgliedern werden in den 30er Jahren 9.000. Die DPSG verbindet die Gedanken der Pfadfinderbewegung mit denen der katholischen Jugendbewegung und betont gleichzeitig Einfachheit, Naturverbundenheit, Wahrhaftigkeit sowie die Freiheit jugendlicher Gestaltungskraft. Au\u00dferdem bezieht die DPSG Erwachsene in die Arbeit ein und nimmt von Beginn an Mitglieder aus allen sozialen Schichten auf.<\/p><p><strong>1930<\/strong><br \/>Die DPSG formuliert ihr Pfadfindergesetz, das bis 1971 in dieser Form g\u00fcltig bleibt. Au\u00dferdem beschlie\u00dft das 1. Bundesthing (sp\u00e4ter Bundesversammlung) eine Kluft und eine vorl\u00e4ufige Bundesordnung.<\/p><p><strong>1934<\/strong><br \/>Die Nationalsozialisten verbieten das Tragen von Kluft, Banner und Abzeichen. In den folgenden Jahren nimmt der Druck auf die Mitglieder des Verbandes zu, es kommt zu schweren Auseinandersetzungen mit der Hitlerjugend. Trotzdem gibt es immer wieder Zeichen der Eigenst\u00e4ndigkeit &#8211; wie die Romfahrt 1935.<\/p><p><strong>1938<\/strong><br \/>Der katholische Jungm\u00e4nnerverband und die Deutsche Pfadfinderschaft Sankt Georg werden aufgel\u00f6st und verboten. Dennoch nehmen immer wieder einzelne Mitglieder Bedrohung und Verfolgung auf sich, weil sie am pfadfinderischen Leben als eigenst\u00e4ndiger Alternative gegen die Repressionen des Nationalsozialismus festhalten. Ihnen ist es zu verdanken, dass auch in dieser Zeit ein jugendkulturelles Bekenntnis gelebt wird. Als &#8222;Gemeinschaft Sankt Georg&#8220; wirken Pfadfinder im Untergrund weiter. Manche wagen sogar den Kontakt zu ausl\u00e4ndischen Pfadfindern und legen auf diese Weise den Grundstein f\u00fcr sp\u00e4tere Verst\u00e4ndigung.<\/p><p><strong>1945<\/strong><br \/>Neugr\u00fcndung vieler Pfadfindergruppen auf \u00f6rtlicher Ebene.<\/p><p><strong>1946<\/strong><br \/>Durch den erstmals nach dem Zweiten Weltkrieg einberufenen Bundesthing wird eine neue Bundesordnung beschlossen.<\/p><p><strong>1947<\/strong><br \/>Die DPSG ist Mitbegr\u00fcnderin des Bundes der Deutschen Katholischen Jugend (BDKJ).<\/p><p><strong>1949<\/strong><br \/>Die Zeitschriften &#8222;Die gro\u00dfe Fahrt&#8220; f\u00fcr Mitglieder und &#8222;Georgspfadfinder&#8220; f\u00fcr Leitungskr\u00e4fte erscheinen. Eine neue Struktur der DPSG und eine neue Kluft werden eingef\u00fchrt. Frauen d\u00fcrfen W\u00f6lflingsf\u00fchrerinnen werden. Das R\u00fcsthaus wird gegr\u00fcndet und der Georgsverlag entsteht. Die DPSG hat vier Jahre nach Kriegsende 20.500 Mitglieder.<\/p><p><strong>1951<\/strong><br \/>Der Bundesamt Sankt Georg e.V. wird gegr\u00fcndet.<\/p><p><strong>1956<\/strong><br \/>Aufruf der Georgsritter (heute Rover) zu einem Sozialwerk: In Westernohe im Westerwald entsteht in vielen Stunden Eigenarbeit ein Zeltlagerplatz und Ferienheim f\u00fcr behinderte Menschen &#8211; das heutige Bundeszentrum der DPSG.<\/p><p><strong>1961<\/strong><br \/>Aufruf zur ersten Jahresaktion: &#8222;Flinke H\u00e4nde, flinke F\u00fc\u00dfe schaffen ein Werk f\u00fcr k\u00f6rperbehinderte Jugendliche&#8220;. Im Verlauf dieser Aktion kommen mehr als 250.000 Mark zusammen. Die Jahresaktionen mit wechselnden Schwerpunkten sind bis heute wichtiger Bestandteil der Arbeit der DPSG. Der 23. Bundesthing beschlie\u00dft die Einf\u00fchrung der Jungpfadfinderstufe (11 bis 13 Jahre alte Jungen), au\u00dferdem werden die &#8222;Georgsritter&#8220; in &#8222;Rover&#8220; umbenannt.<\/p><p><strong>1969<\/strong><br \/>Beim 31. Bundesthing beschlie\u00dft der Verband eine neue Satzung mit neuen Bezeichnungen: Bundesversammlung (statt Bundesthing), Vorsitzender (statt Feldmeister), Leiter (statt F\u00fchrer). Au\u00dferdem wird eine p\u00e4dagogische Diskussion angesto\u00dfen, die in der Neufassung der Ordnung des Verbandes m\u00fcndet.<\/p><p><strong>1971<\/strong><br \/>Offiziell k\u00f6nnen M\u00e4dchen und Frauen nun Mitglieder der DPSG werden. Das Pfadfindergesetz von 1930 wird ersetzt und weitergef\u00fchrt durch die &#8222;Grundlinien unserer Lebensauffassung&#8220;: Leben in Hoffnung, Leben in Freiheit, Leben in Wahrheit, Leben in t\u00e4tiger Solidarit\u00e4t. Inhaltlich orientiert sich die DPSG weg vom Waldl\u00e4ufertum hin zu einer Gruppenp\u00e4dagogik, in der Kooperation und Verantwortung durch Erfahrung und Erleben gelernt werden sollen. Sie schwenkt so auf einen Weg ein, der direkt auf die Vorstellungen Baden-Powells zur\u00fcckgeht.<\/p><p><strong>1987<\/strong><br \/>Die Bundesversammlung beschlie\u00dft eine neue Ordnung des Verbandes. Als erste Frau im Bundesvorstand wird Annegret Buchart zur stellvertretenden Vorsitzenden gew\u00e4hlt.<\/p><p><strong>1990<\/strong><br \/>Unter dem Motto &#8222;Wir haben Platz im Boot&#8220; ruft die DPSG zur j\u00e4hrlichen Solidarit\u00e4tsaktion auf und wendet sich damit gegen die Versch\u00e4rfung der Asyldebatte. In Magdeburg gr\u00fcndet sich der erste Di\u00f6zesanverband in den neuen Bundesl\u00e4ndern. Erfurt folgt und der Di\u00f6zesanverband Berlin umfasst nun auch das Land Brandenburg und Teile Mecklenburg-Vorpommerns.<\/p><p><strong>1995<\/strong><br \/>Die 57. Bundesversammlung beschlie\u00dft die Einf\u00fchrung der Kindermitbestimmung auf Stammesebene. 20 rwandische Pfadfinderinnen und Pfadfinder werden aus dem B\u00fcrgerkriegsland ausgeflogen und von der DPSG aufgenommen. Im Verlauf der &#8222;Solidarit\u00e4tsaktion Rwanda&#8220; kommen 700.000 Mark zugunsten des kriegsgesch\u00fcttelten Landes zusammen. An Pfingsten kommt es w\u00e4hrend eines Zeltlagers im Bundeszentrum Westernohe zu einem Ungl\u00fcck w\u00e4hrend einer Tauziehaktion. Zwei W\u00f6lflinge sterben an den Folgen des Ungl\u00fcck, es gibt zahlreiche weitere Verletzte.<\/p><p><strong>1996<\/strong><br \/>Die DPSG startet die Kampagne &#8222;Tu es jetzt!&#8220; zum politischen Handeln, an der sich zahlreiche Gruppen vor Ort beteiligen. Gesellschaftspolitisches Engagement in sechs Themenbereichen ist Ziel der Langzeitaktion.<\/p><p><strong>1999<\/strong><br \/>In der Aktion W\u00f6lflingsWirbel setzen sich Kinder aus ganz Deutschland f\u00fcr mehr Kinderfreundlichkeit in ihrem Umfeld ein. Die 8- bis 10-J\u00e4hrigen vergeben Noten f\u00fcr Spielpl\u00e4tze, malen den tristen Schulhof an, reparieren marode Fahrradst\u00e4nder am Bahnhof und vieles mehr. Besuche bei Kommunalpolitikern und die Zusammenarbeit mit der Lokalpresse f\u00fchren in vielen Orten zu Verbesserungen. Die Aktion gipfelt in einem Besuch bei Bundesfamilienministerin Christine Bergmann.<\/p><p>Rund 1000 Pfadfinderinnen und Pfadfinder er\u00f6ffnen in Koblenz die Jahresaktion &#8222;Movida Bolivia&#8220;. Sie kommt in diesem Jahr dem bolivianischen Pfadfinderverband zugute, der eine Schulung f\u00fcr Lehrer ins Leben rufen will. Gruppen in der ganzen Bundesrepublik sammeln anschlie\u00dfend Geld, um ihre Partner in S\u00fcdamerika zu unterst\u00fctzen.<\/p><p><strong>2000<\/strong><br \/>3.000 Roverinnen und Rover feiern Pfingsten in Westernohe den Auftakt zu IZURO, dem Internationalen Zukunftsjahr der Roverstufe. Den H\u00f6hepunkt der dreit\u00e4gigen Veranstaltung bildet die &#8222;Aussendung&#8220; zu internationalen Begegnungen in aller Welt, zu denen die Rover im Sommer starten.<\/p><p>Stoppt rechts!<br \/>Mit der Jahresaktion &#8222;Augen auf! Stoppt Diskriminieruung!&#8220; setzt sich die DPSG gegen die Diskriminierung von Minderheiten ein. Im Rahmen der Jahresaktion startet im Sp\u00e4tsommer die Kampagne &#8222;Stoppt Rechts &#8211; Pfadfinderinnen und Pfadfinder gegen Fremdenfeindlichkeit und Gewalt&#8220;, die mit einem aussagekr\u00e4ftigen Logo und \u00fcberall auftauchenden Aufklebern auf das Engagement der Pfadfinder aufmerksam macht.<\/p><p>fettgr\u00fcn<br \/>Die erste Vollversammlung der Pfadfinderstufe findet im September in der Frankfurter Paulskirche statt. Hier beschlie\u00dfen Pfadfinderinnen und Pfadfinder aus ganz Deutschland die Gro\u00dfveranstaltung &#8222;fettgr\u00fcn&#8220;, die im Sommer 2001 \u00fcber die B\u00fchne gehen soll. Die Vollversammlung endet mit der &#8222;Frankfurter Erkl\u00e4rung&#8220;.<\/p><p><strong>2001<\/strong><br \/>1.500 jugendliche Pfadfinder treffen sich im Rahmen ihrer bundesweiten Aktion &#8222;fettgr\u00fcn&#8220; in K\u00f6ln. Wettspiele und die gro\u00dfe Parade zum Dom sorgen f\u00fcr jede Menge Wirbel in K\u00f6ln. Bundesweit startet der Perspektivprozess &#8222;update&#8220;, Damit stellt die DPSG sich und ihre Arbeit in den kommenden Jahren kritisch auf den Pr\u00fcfstand.<\/p><p><strong>2002<\/strong><br \/>Gemeinsam mit ihren katholischen Partnerverb\u00e4nden in Israel und Pal\u00e4stina setzt sich die DPSG bei ihrer Jahresaktion &#8222;Pfad zum Frieden&#8220; f\u00fcr Frieden und Gerechtigkeit im Nahen Osten ein.<\/p><p><strong>2003<\/strong><br \/>Unter dem Motto &#8222;Grenzenlos 1 &#8211; Flinke H\u00e4nde, Flinke F\u00fc\u00dfe quer durch Deutschland&#8220; entdecken Pfadfinder ihr eigenes Land und tragen das Pfadfindertum zu Menschen in bisher nicht erschlossene Regionen. Der Perspektivprozess &#8222;update&#8220; erreicht seinen H\u00f6hepunkt auf dem Leiterinnen- und Leiterkongress &#8222;up2date&#8220; in Westernohe.<\/p><p><strong>2004<\/strong><br \/>Bei der Jahresaktion &#8222;Kira Rwanda &#8211; Liebe das Leben&#8220; unterst\u00fctzt die DPSG ihre Partner in Rwanda. Die Pfadfinder dort engagieren sich stark in der Aids-Pr\u00e4vention. Im folgenden Jahr richtet sich der Blick auf Gesundheit in Deutschland und Rwanda. In Altenberg feiert der Verband seinen 75. Geburtstag mit einem Festakt. Pfingsten hatten bereits mehr als 6.000 Pfadfinderinnen und Pfadfinder im Bundeszentrum Westernohe ein St\u00e4ndchen auf das Jubil\u00e4um angestimmt.<\/p><p><strong>2005<\/strong><br \/>Die Bundesversammlung beschlie\u00dft eine neue Verbandsordnung. Darin enthalten ist zum ersten Mal eine Beschreibung des Menschenbildes der DPSG. Auf Wunsch vieler Mitglieder wird auch ein modernes Pfadfindergesetz beschlossen. Im Sommer gestaltet die DPSG gemeinsam mit der PSG und dem Internationalen Katholischen Missionswerk missio mit dem Projekt &#8222;scoutmission &#8211; Glauben in der Tat&#8220; den Weltjugendtag. Ein gro\u00dfes Zeltlager entsteht auf den D\u00fcsseldorfer Rheinwiesen, in K\u00f6ln er\u00f6ffnet der Di\u00f6zesanverband das International Scout Centre. Zum scoutmission-Festival kommen schlie\u00dflich mehr als 7.500 Menschen zur B\u00fchne vor dem D\u00fcsseldorfer Landtag. W\u00e4hrend des Weltjugendtages geht es f\u00fcr DPSG, PSG und missio um das Thema HIV\/Aids. Prominente Gespr\u00e4chspartner wie Bundespr\u00e4sident Horst K\u00f6hler setzen sich in Diskussionen mit den Pfadfinderinnen und Pfadfindern auseinander.<\/p><p><strong>2006<\/strong><br \/>Die Jungpfadfinderstufe veranstaltet ein Bundeslager in Westernohe unter dem Titel \u00a7passwort:*b*l*a*u&#8220;. Eine Woche lang besch\u00e4ftigen sich die Kinder und ihre Leiterinnen und Leiter mit dem &#8222;Abenteuer Leben&#8220;. Vorbereitet wurde das Bundesstufenlager unter anderem mit den Kindern, sie konnten das Programm mitbestimmen.<\/p><p>In der Jahresaktion &#8222;Geschenke f\u00fcr den Frieden&#8220; bereitet sich auch die DPSG auf das 100-j\u00e4hrige Bestehen der Weltpfadfinderbewegung vor. Weltweit schauen Pfadfinderinnen und Pfadfinder drauf, wie sich im Gro\u00dfen und Kleinen f\u00fcr den Frieden einsetzen k\u00f6nnen.<\/p><p>2007<br \/>Das 100-j\u00e4hrige Jubil\u00e4um der Pfadfinderbewegung feiert die DPSG zusammen mit den Ringe-Verb\u00e4nden BdP, PSG und VCP unter dem Motto &#8222;scouting 100&#8220;. Dazu gibt es unter anderem einen gro\u00dfen gemeinsamen Leiterkongress in Berlin. Bundespr\u00e4sident Horst K\u00f6hler l\u00e4dt au\u00dferdem zum Jubil\u00e4um Pfadfinder aus aller Welt zu einem Zeltlager und zu einer internationalen Begegnung im Park von Schloss Bellevue ein.<\/p><p>Mit der Jahresaktion &#8222;Nat\u00fcrlich Pfadfinden&#8220; hat die DPSG 2007 und 2008 das Thema \u00d6kologie st\u00e4rker in den Vordergrund gestellt.<\/p><p><strong>2008<\/strong><br \/>Meuterei DPSG<br \/>Die W\u00f6lflingsstufe l\u00e4dt zum Bundeslager &#8222;MEUTErei 2008 &#8211; W\u00f6lflinge am Ruder&#8220; nach Westernohe ein &#8211; und 2.200 W\u00f6lflinge folgen dem Ruf! Die W\u00f6lflinge sto\u00dfen bei ihrer Entdeckungsreise zu Themen wie &#8222;Ferne L\u00e4nder&#8220;, &#8222;Gerechtigkeit&#8220;, &#8222;Mein Land&#8220; und &#8222;Meine Umwelt&#8220; vor. Die Kinder k\u00f6nnen an vielen Stellen mitbestimmen und mitwirken.<br \/>\u00dcber 1.300 Rover beteiligen sich derweil an dem Roverbundesunternehmen 2008, kurz rbu08. Sie engagieren sich vor Ort und bringen insgesamt 120 Sozialprojekte erfolgreich zu Ende. W\u00e4hrend der Auftakt zum rbu08 auf der Insel Ferropolis im Schatten von Braunkohlebaggern beginnt, feiern die Rover den erfolgreichen Abschluss mit einem Chill out sp\u00e4ter im Bundeszentrum Westernohe.<\/p><p><strong>2009<\/strong><br \/>Die DPSG feiert 2009 ihr 80-j\u00e4hriges Bestehen. H\u00f6hepunkt ist die Romwallfahrt im August. Mehr als 160 Pfadfinderinnen und Pfadfinder pilgern in die Heilige Stadt. Sie kn\u00fcpfen damit an die Tradition der DPSG-Wallfahrten von 1935, 1950 und 1962 an.<\/p><p><strong>2010<\/strong><br \/>scoute dich<br \/>Auf der Bundesversammlung f\u00e4llt der Startschuss f\u00fcr die Image- und Fundraising-Kampagne. Unter dem Motto &#8222;SCOUTE DICH&#8220; sollen Ehemalige als Unterst\u00fctzerinnen und Unterst\u00fctzer gewonnen werden. Treffpunkt f\u00fcr Leiterinnen und Leiter und Ehemalige soll die Online Community Stayscout.de werden. Stayscout selbst ist eine Aktion von Ehemaligen. Auch sonst ist die DPSG jetzt in vielen Sozialen Netzwerken unterwegs, unter anderem auf Facebook, Twitter, Schueler- und StudiVZ, Flickr und YouTube.<\/p><p>Wir haben gr\u00fcn<br \/>\u201e2010 \u2013 wir haben gr\u00fcn\u201c hei\u00dft das Bundesunternehmen der Pfadfinderstufe, das mit einem Auftakt in D\u00fcsseldorf startet. Inhaltlich geht es um die Begegnung mit Jugendgruppen, deren Mitglieder einen multikulturellen Hintergrund haben. Ergebnisse erarbeiten und pr\u00e4sentieren die Teilnehmenden in Berlin auf ihrer Abschlussveranstaltung.<\/p><p><strong>2011<\/strong><br \/>DPSG im Wandel<br \/>Vieles ist in Bewegung im Verband: Auf Di\u00f6zesan- und Bezirksversammlungen laufen Anfang des Jahres Thesenabfragen zum Prozess &#8222;DPSG im Wandel&#8220;. Es geht um die beiden Fragen: Wie k\u00f6nnen wir &#8222;Pfadfinden f\u00fcr alle&#8220; erm\u00f6glichen &#8211; und wie k\u00f6nnen wir Ehrenamt erm\u00f6glichen? Die Bundesversammlung beschlie\u00dft f\u00fcnf Zukunftsmotive. Mehr unter DPSG im Wandel.<\/p><p><strong>2012<\/strong><br \/>Auf dem 98. Katholikentag in Mannheim ist die DPSG wieder mit Stand und Aktionen vertreten. Thema dort sowie auf der Bundesversammlung und in vielen Gespr\u00e4chen mit Kirchenvertretern ist das Priesteramt als Zugangsvoraussetzung zum Amt des Bundeskuraten.<\/p><p><strong>2013<\/strong><br \/>Im Prozess &#8222;DPSG im Wandel&#8220; nutzt der Verband ePartizipation f\u00fcr eine Diskussion aller Leiterinnen und Leiter zur strukturellen Weiterentwicklung des Verbandes.<\/p><p>Die Jahresaktion &#8222;Smart Scout &#8211; schlau im Umgang mit Medien&#8220; widmet sich der zunehmenden Digitalisierung der Lebenswelt von Kindern und Jugendlichen.<\/p><p>1000 Roverinnen und Rover sind im Sommer unter dem Motto &#8222;Gr\u00fcn statt Wei\u00df&#8220; in ganz Deutschland mit dem Zug unterwegs und treffen sich zu einem gemeinsamen Abschlusslager in N\u00fcrnberg.<\/p>\t\t\t\t\t<\/div>\n\t\t\t\t\t\t<\/div>\n\t\t\t\t<\/div>\n\t\t\t\t\t\t<\/div>\n\t\t\t\t\t<\/div>\n\t\t<\/div>\n\t\t\t\t\t\t\t\t<\/div>\n\t\t\t\t\t<\/div>\n\t\t<\/section>\n\t\t\t\t\t\t\t\t\t<\/div>\n\t\t\t<\/div>\n\t\t\t\t\t<\/div>\n\t\t","protected":false},"excerpt":{"rendered":"<p>DPSG Geschichte der DPSG 1907 Lord Robert Baden Powell, Gr\u00fcnder der Weltpfadfinderbewegung, h\u00e4lt das erste Zeltlager auf Brownsea Island (Gro\u00dfbritannien) ab. Mit 22 Jungen aller sozialen Schichten probiert er erstmals sein Konzept einer P\u00e4dagogik des Erlebens und der Verantwortung f\u00fcr den Einzelnen und die Gruppe. 1908 Baden Powell ver\u00f6ffentlicht sein Buch \u00bbScouting for Boys\u00ab, das&#8230;<\/p>\n","protected":false},"author":2,"featured_media":0,"parent":0,"menu_order":0,"comment_status":"closed","ping_status":"closed","template":"elementor_header_footer","meta":[],"yoast_head":"<!-- This site is optimized with the Yoast SEO plugin v19.14 - https:\/\/yoast.com\/wordpress\/plugins\/seo\/ -->\n<title>Deutsche Pfadfinderschaft St. Georg (DPSG) - [D]PSG Wernau<\/title>\n<meta name=\"description\" content=\"Die Deutsche Pfadfinderschaft St. Georg (DPSG) ist ein bundesweiter Pfadfinderverband. Der Stamm Wernau geh\u00f6rt zum Bezirk Neckar-Filder.\" \/>\n<meta name=\"robots\" content=\"index, follow, max-snippet:-1, max-image-preview:large, max-video-preview:-1\" \/>\n<link rel=\"canonical\" href=\"https:\/\/dpsg-wernau.de\/wordpress\/dpsg\/\" \/>\n<meta property=\"og:locale\" content=\"de_DE\" \/>\n<meta property=\"og:type\" content=\"article\" \/>\n<meta property=\"og:title\" content=\"Deutsche Pfadfinderschaft St. Georg (DPSG) - [D]PSG Wernau\" \/>\n<meta property=\"og:description\" content=\"Die Deutsche Pfadfinderschaft St. Georg (DPSG) ist ein bundesweiter Pfadfinderverband. Der Stamm Wernau geh\u00f6rt zum Bezirk Neckar-Filder.\" \/>\n<meta property=\"og:url\" content=\"https:\/\/dpsg-wernau.de\/wordpress\/dpsg\/\" \/>\n<meta property=\"og:site_name\" content=\"[D]PSG Wernau\" \/>\n<meta property=\"article:modified_time\" content=\"2021-05-08T17:25:36+00:00\" \/>\n<meta name=\"twitter:card\" content=\"summary_large_image\" \/>\n<meta name=\"twitter:label1\" content=\"Gesch\u00e4tzte Lesezeit\" \/>\n\t<meta name=\"twitter:data1\" content=\"9\u00a0Minuten\" \/>\n<script type=\"application\/ld+json\" class=\"yoast-schema-graph\">{\"@context\":\"https:\/\/schema.org\",\"@graph\":[{\"@type\":\"WebPage\",\"@id\":\"https:\/\/dpsg-wernau.de\/wordpress\/dpsg\/\",\"url\":\"https:\/\/dpsg-wernau.de\/wordpress\/dpsg\/\",\"name\":\"Deutsche Pfadfinderschaft St. Georg (DPSG) - [D]PSG Wernau\",\"isPartOf\":{\"@id\":\"https:\/\/dpsg-wernau.de\/wordpress\/#website\"},\"datePublished\":\"2020-11-04T20:50:12+00:00\",\"dateModified\":\"2021-05-08T17:25:36+00:00\",\"description\":\"Die Deutsche Pfadfinderschaft St. Georg (DPSG) ist ein bundesweiter Pfadfinderverband. Der Stamm Wernau geh\u00f6rt zum Bezirk Neckar-Filder.\",\"breadcrumb\":{\"@id\":\"https:\/\/dpsg-wernau.de\/wordpress\/dpsg\/#breadcrumb\"},\"inLanguage\":\"de\",\"potentialAction\":[{\"@type\":\"ReadAction\",\"target\":[\"https:\/\/dpsg-wernau.de\/wordpress\/dpsg\/\"]}]},{\"@type\":\"BreadcrumbList\",\"@id\":\"https:\/\/dpsg-wernau.de\/wordpress\/dpsg\/#breadcrumb\",\"itemListElement\":[{\"@type\":\"ListItem\",\"position\":1,\"name\":\"Startseite\",\"item\":\"https:\/\/dpsg-wernau.de\/wordpress\/\"},{\"@type\":\"ListItem\",\"position\":2,\"name\":\"DPSG\"}]},{\"@type\":\"WebSite\",\"@id\":\"https:\/\/dpsg-wernau.de\/wordpress\/#website\",\"url\":\"https:\/\/dpsg-wernau.de\/wordpress\/\",\"name\":\"[D]PSG Wernau\",\"description\":\"Deutsche Pfadfinderschaft St. Georg und Pfadfinderinnenschaft St. Georg\",\"potentialAction\":[{\"@type\":\"SearchAction\",\"target\":{\"@type\":\"EntryPoint\",\"urlTemplate\":\"https:\/\/dpsg-wernau.de\/wordpress\/?s={search_term_string}\"},\"query-input\":\"required name=search_term_string\"}],\"inLanguage\":\"de\"}]}<\/script>\n<!-- \/ Yoast SEO plugin. -->","yoast_head_json":{"title":"Deutsche Pfadfinderschaft St. Georg (DPSG) - [D]PSG Wernau","description":"Die Deutsche Pfadfinderschaft St. Georg (DPSG) ist ein bundesweiter Pfadfinderverband. Der Stamm Wernau geh\u00f6rt zum Bezirk Neckar-Filder.","robots":{"index":"index","follow":"follow","max-snippet":"max-snippet:-1","max-image-preview":"max-image-preview:large","max-video-preview":"max-video-preview:-1"},"canonical":"https:\/\/dpsg-wernau.de\/wordpress\/dpsg\/","og_locale":"de_DE","og_type":"article","og_title":"Deutsche Pfadfinderschaft St. Georg (DPSG) - [D]PSG Wernau","og_description":"Die Deutsche Pfadfinderschaft St. Georg (DPSG) ist ein bundesweiter Pfadfinderverband. Der Stamm Wernau geh\u00f6rt zum Bezirk Neckar-Filder.","og_url":"https:\/\/dpsg-wernau.de\/wordpress\/dpsg\/","og_site_name":"[D]PSG Wernau","article_modified_time":"2021-05-08T17:25:36+00:00","twitter_card":"summary_large_image","twitter_misc":{"Gesch\u00e4tzte Lesezeit":"9\u00a0Minuten"},"schema":{"@context":"https:\/\/schema.org","@graph":[{"@type":"WebPage","@id":"https:\/\/dpsg-wernau.de\/wordpress\/dpsg\/","url":"https:\/\/dpsg-wernau.de\/wordpress\/dpsg\/","name":"Deutsche Pfadfinderschaft St. Georg (DPSG) - [D]PSG Wernau","isPartOf":{"@id":"https:\/\/dpsg-wernau.de\/wordpress\/#website"},"datePublished":"2020-11-04T20:50:12+00:00","dateModified":"2021-05-08T17:25:36+00:00","description":"Die Deutsche Pfadfinderschaft St. Georg (DPSG) ist ein bundesweiter Pfadfinderverband. Der Stamm Wernau geh\u00f6rt zum Bezirk Neckar-Filder.","breadcrumb":{"@id":"https:\/\/dpsg-wernau.de\/wordpress\/dpsg\/#breadcrumb"},"inLanguage":"de","potentialAction":[{"@type":"ReadAction","target":["https:\/\/dpsg-wernau.de\/wordpress\/dpsg\/"]}]},{"@type":"BreadcrumbList","@id":"https:\/\/dpsg-wernau.de\/wordpress\/dpsg\/#breadcrumb","itemListElement":[{"@type":"ListItem","position":1,"name":"Startseite","item":"https:\/\/dpsg-wernau.de\/wordpress\/"},{"@type":"ListItem","position":2,"name":"DPSG"}]},{"@type":"WebSite","@id":"https:\/\/dpsg-wernau.de\/wordpress\/#website","url":"https:\/\/dpsg-wernau.de\/wordpress\/","name":"[D]PSG Wernau","description":"Deutsche Pfadfinderschaft St. Georg und Pfadfinderinnenschaft St. Georg","potentialAction":[{"@type":"SearchAction","target":{"@type":"EntryPoint","urlTemplate":"https:\/\/dpsg-wernau.de\/wordpress\/?s={search_term_string}"},"query-input":"required name=search_term_string"}],"inLanguage":"de"}]}},"_links":{"self":[{"href":"https:\/\/dpsg-wernau.de\/wordpress\/wp-json\/wp\/v2\/pages\/770"}],"collection":[{"href":"https:\/\/dpsg-wernau.de\/wordpress\/wp-json\/wp\/v2\/pages"}],"about":[{"href":"https:\/\/dpsg-wernau.de\/wordpress\/wp-json\/wp\/v2\/types\/page"}],"author":[{"embeddable":true,"href":"https:\/\/dpsg-wernau.de\/wordpress\/wp-json\/wp\/v2\/users\/2"}],"replies":[{"embeddable":true,"href":"https:\/\/dpsg-wernau.de\/wordpress\/wp-json\/wp\/v2\/comments?post=770"}],"version-history":[{"count":3,"href":"https:\/\/dpsg-wernau.de\/wordpress\/wp-json\/wp\/v2\/pages\/770\/revisions"}],"predecessor-version":[{"id":942,"href":"https:\/\/dpsg-wernau.de\/wordpress\/wp-json\/wp\/v2\/pages\/770\/revisions\/942"}],"wp:attachment":[{"href":"https:\/\/dpsg-wernau.de\/wordpress\/wp-json\/wp\/v2\/media?parent=770"}],"curies":[{"name":"wp","href":"https:\/\/api.w.org\/{rel}","templated":true}]}}