{"id":767,"date":"2020-11-04T21:42:27","date_gmt":"2020-11-04T20:42:27","guid":{"rendered":"http:\/\/dpsg-wernau.de\/wordpress\/?page_id=767"},"modified":"2022-11-08T10:31:00","modified_gmt":"2022-11-08T09:31:00","slug":"wichtelstufe","status":"publish","type":"page","link":"https:\/\/dpsg-wernau.de\/wordpress\/wichtelstufe\/","title":{"rendered":"Wichtelstufe"},"content":{"rendered":"\t\t<div data-elementor-type=\"wp-page\" data-elementor-id=\"767\" class=\"elementor elementor-767\">\n\t\t\t\t\t\t<div class=\"elementor-inner\">\n\t\t\t\t<div class=\"elementor-section-wrap\">\n\t\t\t\t\t\t\t\t\t<section class=\"elementor-section elementor-top-section elementor-element elementor-element-380ac273 elementor-section-boxed elementor-section-height-default elementor-section-height-default\" data-id=\"380ac273\" data-element_type=\"section\">\n\t\t\t\t\t\t<div class=\"elementor-container elementor-column-gap-default\">\n\t\t\t\t\t\t\t<div class=\"elementor-row\">\n\t\t\t\t\t<div class=\"elementor-column elementor-col-100 elementor-top-column elementor-element elementor-element-17470f2a\" data-id=\"17470f2a\" data-element_type=\"column\">\n\t\t\t<div class=\"elementor-column-wrap elementor-element-populated\">\n\t\t\t\t\t\t\t<div class=\"elementor-widget-wrap\">\n\t\t\t\t\t\t<div class=\"elementor-element elementor-element-7b5264c0 elementor-widget elementor-widget-heading\" data-id=\"7b5264c0\" data-element_type=\"widget\" data-widget_type=\"heading.default\">\n\t\t\t\t<div class=\"elementor-widget-container\">\n\t\t\t<h2 class=\"elementor-heading-title elementor-size-default\">Wichtelstufe<\/h2>\t\t<\/div>\n\t\t\t\t<\/div>\n\t\t\t\t<div class=\"elementor-element elementor-element-668dcc2b elementor-widget elementor-widget-text-editor\" data-id=\"668dcc2b\" data-element_type=\"widget\" data-widget_type=\"text-editor.default\">\n\t\t\t\t<div class=\"elementor-widget-container\">\n\t\t\t\t\t\t\t\t<div class=\"elementor-text-editor elementor-clearfix\">\n\t\t\t\t<p>Zu den Wichtel geh\u00f6ren die j\u00fcngsten Mitgliederinnen der PSG. Die M\u00e4dchen sind zwischen 7 &#8211; 10 Jahre alt.<br>Bei uns in den Gruppenstunden lernen wir das Pfadfinderinnensein kennen.<\/p>\n<p>Wir Basteln, malen und spielen sehr viel gemeinsam \u2013 haben zusammen einfach immer ganz viel Spa\u00df!&nbsp;<\/p>\t\t\t\t\t<\/div>\n\t\t\t\t\t\t<\/div>\n\t\t\t\t<\/div>\n\t\t\t\t<div class=\"elementor-element elementor-element-2589fa elementor-widget elementor-widget-text-editor\" data-id=\"2589fa\" data-element_type=\"widget\" data-widget_type=\"text-editor.default\">\n\t\t\t\t<div class=\"elementor-widget-container\">\n\t\t\t\t\t\t\t\t<div class=\"elementor-text-editor elementor-clearfix\">\n\t\t\t\t<p><strong>Die Wichtel treffen sich bei uns:<br \/><\/strong><\/p><p><strong>Mittwochs, um 17:00 Uhr<br \/><\/strong>Wichtel + Pfadis (7 \u2013 13 Jahre)<\/p><p>geleitet von Vici, Vanessa und Anna.<\/p>\t\t\t\t\t<\/div>\n\t\t\t\t\t\t<\/div>\n\t\t\t\t<\/div>\n\t\t\t\t\t\t<\/div>\n\t\t\t\t\t<\/div>\n\t\t<\/div>\n\t\t\t\t\t\t\t\t<\/div>\n\t\t\t\t\t<\/div>\n\t\t<\/section>\n\t\t\t\t\t\t\t\t\t<\/div>\n\t\t\t<\/div>\n\t\t\t\t\t<\/div>\n\t\t","protected":false},"excerpt":{"rendered":"<p>Wichtelstufe Zu den Wichtel geh\u00f6ren die j\u00fcngsten Mitgliederinnen der PSG. Die M\u00e4dchen sind zwischen 7 &#8211; 10 Jahre alt.Bei uns in den Gruppenstunden lernen wir das Pfadfinderinnensein kennen. Wir Basteln, malen und spielen sehr viel gemeinsam \u2013 haben zusammen einfach immer ganz viel Spa\u00df!&nbsp; Die Wichtel treffen sich bei uns: Mittwochs, um 17:00 UhrWichtel +&#8230;<\/p>\n","protected":false},"author":2,"featured_media":0,"parent":0,"menu_order":0,"comment_status":"closed","ping_status":"closed","template":"elementor_header_footer","meta":[],"yoast_head":"<!-- This site is optimized with the Yoast SEO plugin v19.14 - https:\/\/yoast.com\/wordpress\/plugins\/seo\/ -->\n<title>Wichtelstufe - [D]PSG Wernau<\/title>\n<meta name=\"robots\" content=\"index, follow, max-snippet:-1, max-image-preview:large, max-video-preview:-1\" \/>\n<link rel=\"canonical\" href=\"https:\/\/dpsg-wernau.de\/wordpress\/wichtelstufe\/\" \/>\n<meta property=\"og:locale\" content=\"de_DE\" \/>\n<meta property=\"og:type\" content=\"article\" \/>\n<meta property=\"og:title\" content=\"Wichtelstufe - [D]PSG Wernau\" \/>\n<meta property=\"og:description\" content=\"Wichtelstufe Zu den Wichtel geh\u00f6ren die j\u00fcngsten Mitgliederinnen der PSG. Die M\u00e4dchen sind zwischen 7 &#8211; 10 Jahre alt.Bei uns in den Gruppenstunden lernen wir das Pfadfinderinnensein kennen. Wir Basteln, malen und spielen sehr viel gemeinsam \u2013 haben zusammen einfach immer ganz viel Spa\u00df!&nbsp; Die Wichtel treffen sich bei uns: Mittwochs, um 17:00 UhrWichtel +...\" \/>\n<meta property=\"og:url\" content=\"https:\/\/dpsg-wernau.de\/wordpress\/wichtelstufe\/\" \/>\n<meta property=\"og:site_name\" content=\"[D]PSG Wernau\" \/>\n<meta property=\"article:modified_time\" content=\"2022-11-08T09:31:00+00:00\" \/>\n<meta name=\"twitter:card\" content=\"summary_large_image\" \/>\n<meta name=\"twitter:label1\" content=\"Gesch\u00e4tzte Lesezeit\" \/>\n\t<meta name=\"twitter:data1\" content=\"1\u00a0Minute\" \/>\n<script type=\"application\/ld+json\" class=\"yoast-schema-graph\">{\"@context\":\"https:\/\/schema.org\",\"@graph\":[{\"@type\":\"WebPage\",\"@id\":\"https:\/\/dpsg-wernau.de\/wordpress\/wichtelstufe\/\",\"url\":\"https:\/\/dpsg-wernau.de\/wordpress\/wichtelstufe\/\",\"name\":\"Wichtelstufe - [D]PSG Wernau\",\"isPartOf\":{\"@id\":\"https:\/\/dpsg-wernau.de\/wordpress\/#website\"},\"datePublished\":\"2020-11-04T20:42:27+00:00\",\"dateModified\":\"2022-11-08T09:31:00+00:00\",\"breadcrumb\":{\"@id\":\"https:\/\/dpsg-wernau.de\/wordpress\/wichtelstufe\/#breadcrumb\"},\"inLanguage\":\"de\",\"potentialAction\":[{\"@type\":\"ReadAction\",\"target\":[\"https:\/\/dpsg-wernau.de\/wordpress\/wichtelstufe\/\"]}]},{\"@type\":\"BreadcrumbList\",\"@id\":\"https:\/\/dpsg-wernau.de\/wordpress\/wichtelstufe\/#breadcrumb\",\"itemListElement\":[{\"@type\":\"ListItem\",\"position\":1,\"name\":\"Startseite\",\"item\":\"https:\/\/dpsg-wernau.de\/wordpress\/\"},{\"@type\":\"ListItem\",\"position\":2,\"name\":\"Wichtelstufe\"}]},{\"@type\":\"WebSite\",\"@id\":\"https:\/\/dpsg-wernau.de\/wordpress\/#website\",\"url\":\"https:\/\/dpsg-wernau.de\/wordpress\/\",\"name\":\"[D]PSG Wernau\",\"description\":\"Deutsche Pfadfinderschaft St. Georg und Pfadfinderinnenschaft St. Georg\",\"potentialAction\":[{\"@type\":\"SearchAction\",\"target\":{\"@type\":\"EntryPoint\",\"urlTemplate\":\"https:\/\/dpsg-wernau.de\/wordpress\/?s={search_term_string}\"},\"query-input\":\"required name=search_term_string\"}],\"inLanguage\":\"de\"}]}<\/script>\n<!-- \/ Yoast SEO plugin. -->","yoast_head_json":{"title":"Wichtelstufe - [D]PSG Wernau","robots":{"index":"index","follow":"follow","max-snippet":"max-snippet:-1","max-image-preview":"max-image-preview:large","max-video-preview":"max-video-preview:-1"},"canonical":"https:\/\/dpsg-wernau.de\/wordpress\/wichtelstufe\/","og_locale":"de_DE","og_type":"article","og_title":"Wichtelstufe - [D]PSG Wernau","og_description":"Wichtelstufe Zu den Wichtel geh\u00f6ren die j\u00fcngsten Mitgliederinnen der PSG. Die M\u00e4dchen sind zwischen 7 &#8211; 10 Jahre alt.Bei uns in den Gruppenstunden lernen wir das Pfadfinderinnensein kennen. Wir Basteln, malen und spielen sehr viel gemeinsam \u2013 haben zusammen einfach immer ganz viel Spa\u00df!&nbsp; Die Wichtel treffen sich bei uns: Mittwochs, um 17:00 UhrWichtel +...","og_url":"https:\/\/dpsg-wernau.de\/wordpress\/wichtelstufe\/","og_site_name":"[D]PSG Wernau","article_modified_time":"2022-11-08T09:31:00+00:00","twitter_card":"summary_large_image","twitter_misc":{"Gesch\u00e4tzte Lesezeit":"1\u00a0Minute"},"schema":{"@context":"https:\/\/schema.org","@graph":[{"@type":"WebPage","@id":"https:\/\/dpsg-wernau.de\/wordpress\/wichtelstufe\/","url":"https:\/\/dpsg-wernau.de\/wordpress\/wichtelstufe\/","name":"Wichtelstufe - [D]PSG Wernau","isPartOf":{"@id":"https:\/\/dpsg-wernau.de\/wordpress\/#website"},"datePublished":"2020-11-04T20:42:27+00:00","dateModified":"2022-11-08T09:31:00+00:00","breadcrumb":{"@id":"https:\/\/dpsg-wernau.de\/wordpress\/wichtelstufe\/#breadcrumb"},"inLanguage":"de","potentialAction":[{"@type":"ReadAction","target":["https:\/\/dpsg-wernau.de\/wordpress\/wichtelstufe\/"]}]},{"@type":"BreadcrumbList","@id":"https:\/\/dpsg-wernau.de\/wordpress\/wichtelstufe\/#breadcrumb","itemListElement":[{"@type":"ListItem","position":1,"name":"Startseite","item":"https:\/\/dpsg-wernau.de\/wordpress\/"},{"@type":"ListItem","position":2,"name":"Wichtelstufe"}]},{"@type":"WebSite","@id":"https:\/\/dpsg-wernau.de\/wordpress\/#website","url":"https:\/\/dpsg-wernau.de\/wordpress\/","name":"[D]PSG Wernau","description":"Deutsche Pfadfinderschaft St. Georg und Pfadfinderinnenschaft St. Georg","potentialAction":[{"@type":"SearchAction","target":{"@type":"EntryPoint","urlTemplate":"https:\/\/dpsg-wernau.de\/wordpress\/?s={search_term_string}"},"query-input":"required name=search_term_string"}],"inLanguage":"de"}]}},"_links":{"self":[{"href":"https:\/\/dpsg-wernau.de\/wordpress\/wp-json\/wp\/v2\/pages\/767"}],"collection":[{"href":"https:\/\/dpsg-wernau.de\/wordpress\/wp-json\/wp\/v2\/pages"}],"about":[{"href":"https:\/\/dpsg-wernau.de\/wordpress\/wp-json\/wp\/v2\/types\/page"}],"author":[{"embeddable":true,"href":"https:\/\/dpsg-wernau.de\/wordpress\/wp-json\/wp\/v2\/users\/2"}],"replies":[{"embeddable":true,"href":"https:\/\/dpsg-wernau.de\/wordpress\/wp-json\/wp\/v2\/comments?post=767"}],"version-history":[{"count":9,"href":"https:\/\/dpsg-wernau.de\/wordpress\/wp-json\/wp\/v2\/pages\/767\/revisions"}],"predecessor-version":[{"id":1057,"href":"https:\/\/dpsg-wernau.de\/wordpress\/wp-json\/wp\/v2\/pages\/767\/revisions\/1057"}],"wp:attachment":[{"href":"https:\/\/dpsg-wernau.de\/wordpress\/wp-json\/wp\/v2\/media?parent=767"}],"curies":[{"name":"wp","href":"https:\/\/api.w.org\/{rel}","templated":true}]}}