{"id":764,"date":"2020-11-04T21:39:43","date_gmt":"2020-11-04T20:39:43","guid":{"rendered":"http:\/\/dpsg-wernau.de\/wordpress\/?page_id=764"},"modified":"2022-11-08T10:25:52","modified_gmt":"2022-11-08T09:25:52","slug":"rangerstufe","status":"publish","type":"page","link":"https:\/\/dpsg-wernau.de\/wordpress\/rangerstufe\/","title":{"rendered":"Rangerstufe"},"content":{"rendered":"<h2>Rangerstufe<\/h2>\n<p>Alle jungen Frauen \u00fcber 16 Jahren geh\u00f6ren in die \u00e4lteste Stufe der PSG, die sich Ranger nennt.<br \/>\nRanger m\u00f6chten Erfahrungen f\u00fcr das eigene Leben und das Miteinander in einer Gruppe gewinnen.<br \/>\nWir in unserer Gruppe planen zusammen Feste und Aktionen, organisieren, kochen, spielen und plaudern sehr viel gemeinsam. Man startet eigene Projekte, erfindet Dinge und entscheidet selbst.<\/p>\n<p><strong>Die Ranger treffen sich siehe Gruppenstunden.<\/strong><\/p>\n","protected":false},"excerpt":{"rendered":"<p>Rangerstufe Alle jungen Frauen \u00fcber 16 Jahren geh\u00f6ren in die \u00e4lteste Stufe der PSG, die sich Ranger nennt. Ranger m\u00f6chten Erfahrungen f\u00fcr das eigene Leben und das Miteinander in einer Gruppe gewinnen. Wir in unserer Gruppe planen zusammen Feste und Aktionen, organisieren, kochen, spielen und plaudern sehr viel gemeinsam. Man startet eigene Projekte, erfindet Dinge&#8230;<\/p>\n","protected":false},"author":2,"featured_media":0,"parent":0,"menu_order":0,"comment_status":"closed","ping_status":"closed","template":"elementor_header_footer","meta":[],"yoast_head":"<!-- This site is optimized with the Yoast SEO plugin v19.14 - https:\/\/yoast.com\/wordpress\/plugins\/seo\/ -->\n<title>Rangerstufe - [D]PSG Wernau<\/title>\n<meta name=\"robots\" content=\"index, follow, max-snippet:-1, max-image-preview:large, max-video-preview:-1\" \/>\n<link rel=\"canonical\" href=\"https:\/\/dpsg-wernau.de\/wordpress\/rangerstufe\/\" \/>\n<meta property=\"og:locale\" content=\"de_DE\" \/>\n<meta property=\"og:type\" content=\"article\" \/>\n<meta property=\"og:title\" content=\"Rangerstufe - [D]PSG Wernau\" \/>\n<meta property=\"og:description\" content=\"Rangerstufe Alle jungen Frauen \u00fcber 16 Jahren geh\u00f6ren in die \u00e4lteste Stufe der PSG, die sich Ranger nennt. Ranger m\u00f6chten Erfahrungen f\u00fcr das eigene Leben und das Miteinander in einer Gruppe gewinnen. Wir in unserer Gruppe planen zusammen Feste und Aktionen, organisieren, kochen, spielen und plaudern sehr viel gemeinsam. Man startet eigene Projekte, erfindet Dinge...\" \/>\n<meta property=\"og:url\" content=\"https:\/\/dpsg-wernau.de\/wordpress\/rangerstufe\/\" \/>\n<meta property=\"og:site_name\" content=\"[D]PSG Wernau\" \/>\n<meta property=\"article:modified_time\" content=\"2022-11-08T09:25:52+00:00\" \/>\n<meta name=\"twitter:card\" content=\"summary_large_image\" \/>\n<meta name=\"twitter:label1\" content=\"Gesch\u00e4tzte Lesezeit\" \/>\n\t<meta name=\"twitter:data1\" content=\"1\u00a0Minute\" \/>\n<script type=\"application\/ld+json\" class=\"yoast-schema-graph\">{\"@context\":\"https:\/\/schema.org\",\"@graph\":[{\"@type\":\"WebPage\",\"@id\":\"https:\/\/dpsg-wernau.de\/wordpress\/rangerstufe\/\",\"url\":\"https:\/\/dpsg-wernau.de\/wordpress\/rangerstufe\/\",\"name\":\"Rangerstufe - [D]PSG Wernau\",\"isPartOf\":{\"@id\":\"https:\/\/dpsg-wernau.de\/wordpress\/#website\"},\"datePublished\":\"2020-11-04T20:39:43+00:00\",\"dateModified\":\"2022-11-08T09:25:52+00:00\",\"breadcrumb\":{\"@id\":\"https:\/\/dpsg-wernau.de\/wordpress\/rangerstufe\/#breadcrumb\"},\"inLanguage\":\"de\",\"potentialAction\":[{\"@type\":\"ReadAction\",\"target\":[\"https:\/\/dpsg-wernau.de\/wordpress\/rangerstufe\/\"]}]},{\"@type\":\"BreadcrumbList\",\"@id\":\"https:\/\/dpsg-wernau.de\/wordpress\/rangerstufe\/#breadcrumb\",\"itemListElement\":[{\"@type\":\"ListItem\",\"position\":1,\"name\":\"Startseite\",\"item\":\"https:\/\/dpsg-wernau.de\/wordpress\/\"},{\"@type\":\"ListItem\",\"position\":2,\"name\":\"Rangerstufe\"}]},{\"@type\":\"WebSite\",\"@id\":\"https:\/\/dpsg-wernau.de\/wordpress\/#website\",\"url\":\"https:\/\/dpsg-wernau.de\/wordpress\/\",\"name\":\"[D]PSG Wernau\",\"description\":\"Deutsche Pfadfinderschaft St. Georg und Pfadfinderinnenschaft St. Georg\",\"potentialAction\":[{\"@type\":\"SearchAction\",\"target\":{\"@type\":\"EntryPoint\",\"urlTemplate\":\"https:\/\/dpsg-wernau.de\/wordpress\/?s={search_term_string}\"},\"query-input\":\"required name=search_term_string\"}],\"inLanguage\":\"de\"}]}<\/script>\n<!-- \/ Yoast SEO plugin. -->","yoast_head_json":{"title":"Rangerstufe - [D]PSG Wernau","robots":{"index":"index","follow":"follow","max-snippet":"max-snippet:-1","max-image-preview":"max-image-preview:large","max-video-preview":"max-video-preview:-1"},"canonical":"https:\/\/dpsg-wernau.de\/wordpress\/rangerstufe\/","og_locale":"de_DE","og_type":"article","og_title":"Rangerstufe - [D]PSG Wernau","og_description":"Rangerstufe Alle jungen Frauen \u00fcber 16 Jahren geh\u00f6ren in die \u00e4lteste Stufe der PSG, die sich Ranger nennt. Ranger m\u00f6chten Erfahrungen f\u00fcr das eigene Leben und das Miteinander in einer Gruppe gewinnen. Wir in unserer Gruppe planen zusammen Feste und Aktionen, organisieren, kochen, spielen und plaudern sehr viel gemeinsam. Man startet eigene Projekte, erfindet Dinge...","og_url":"https:\/\/dpsg-wernau.de\/wordpress\/rangerstufe\/","og_site_name":"[D]PSG Wernau","article_modified_time":"2022-11-08T09:25:52+00:00","twitter_card":"summary_large_image","twitter_misc":{"Gesch\u00e4tzte Lesezeit":"1\u00a0Minute"},"schema":{"@context":"https:\/\/schema.org","@graph":[{"@type":"WebPage","@id":"https:\/\/dpsg-wernau.de\/wordpress\/rangerstufe\/","url":"https:\/\/dpsg-wernau.de\/wordpress\/rangerstufe\/","name":"Rangerstufe - [D]PSG Wernau","isPartOf":{"@id":"https:\/\/dpsg-wernau.de\/wordpress\/#website"},"datePublished":"2020-11-04T20:39:43+00:00","dateModified":"2022-11-08T09:25:52+00:00","breadcrumb":{"@id":"https:\/\/dpsg-wernau.de\/wordpress\/rangerstufe\/#breadcrumb"},"inLanguage":"de","potentialAction":[{"@type":"ReadAction","target":["https:\/\/dpsg-wernau.de\/wordpress\/rangerstufe\/"]}]},{"@type":"BreadcrumbList","@id":"https:\/\/dpsg-wernau.de\/wordpress\/rangerstufe\/#breadcrumb","itemListElement":[{"@type":"ListItem","position":1,"name":"Startseite","item":"https:\/\/dpsg-wernau.de\/wordpress\/"},{"@type":"ListItem","position":2,"name":"Rangerstufe"}]},{"@type":"WebSite","@id":"https:\/\/dpsg-wernau.de\/wordpress\/#website","url":"https:\/\/dpsg-wernau.de\/wordpress\/","name":"[D]PSG Wernau","description":"Deutsche Pfadfinderschaft St. Georg und Pfadfinderinnenschaft St. Georg","potentialAction":[{"@type":"SearchAction","target":{"@type":"EntryPoint","urlTemplate":"https:\/\/dpsg-wernau.de\/wordpress\/?s={search_term_string}"},"query-input":"required name=search_term_string"}],"inLanguage":"de"}]}},"_links":{"self":[{"href":"https:\/\/dpsg-wernau.de\/wordpress\/wp-json\/wp\/v2\/pages\/764"}],"collection":[{"href":"https:\/\/dpsg-wernau.de\/wordpress\/wp-json\/wp\/v2\/pages"}],"about":[{"href":"https:\/\/dpsg-wernau.de\/wordpress\/wp-json\/wp\/v2\/types\/page"}],"author":[{"embeddable":true,"href":"https:\/\/dpsg-wernau.de\/wordpress\/wp-json\/wp\/v2\/users\/2"}],"replies":[{"embeddable":true,"href":"https:\/\/dpsg-wernau.de\/wordpress\/wp-json\/wp\/v2\/comments?post=764"}],"version-history":[{"count":6,"href":"https:\/\/dpsg-wernau.de\/wordpress\/wp-json\/wp\/v2\/pages\/764\/revisions"}],"predecessor-version":[{"id":1054,"href":"https:\/\/dpsg-wernau.de\/wordpress\/wp-json\/wp\/v2\/pages\/764\/revisions\/1054"}],"wp:attachment":[{"href":"https:\/\/dpsg-wernau.de\/wordpress\/wp-json\/wp\/v2\/media?parent=764"}],"curies":[{"name":"wp","href":"https:\/\/api.w.org\/{rel}","templated":true}]}}