{"id":755,"date":"2020-11-04T21:34:44","date_gmt":"2020-11-04T20:34:44","guid":{"rendered":"http:\/\/dpsg-wernau.de\/wordpress\/?page_id=755"},"modified":"2022-11-08T10:24:40","modified_gmt":"2022-11-08T09:24:40","slug":"caravellestufe","status":"publish","type":"page","link":"https:\/\/dpsg-wernau.de\/wordpress\/caravellestufe\/","title":{"rendered":"Caravellestufe"},"content":{"rendered":"<h2>Caravellestufe<\/h2>\n<p>Zur Altersstufe der Caravelles geh\u00f6ren die 13 bis 16-J\u00e4hrigen.<br \/>\nWir kochen, backen, spielen Spiele und haben gemeinsam einfach immer Spa\u00df.<\/p>\n<p>Wir freuen uns sehr auf Dich, also auf was wartest du noch? <img decoding=\"async\" style=\"letter-spacing: 0px;\" role=\"img\" draggable=\"false\" src=\"https:\/\/s.w.org\/images\/core\/emoji\/13.0.0\/svg\/1f642.svg\" alt=\"\ud83d\ude42\" \/><\/p>\n<p><strong>Die Caravelles treffen sich bei uns siehe Gruppenstunden.<\/strong><\/p>\n","protected":false},"excerpt":{"rendered":"<p>Caravellestufe Zur Altersstufe der Caravelles geh\u00f6ren die 13 bis 16-J\u00e4hrigen. Wir kochen, backen, spielen Spiele und haben gemeinsam einfach immer Spa\u00df. Wir freuen uns sehr auf Dich, also auf was wartest du noch? Die Caravelles treffen sich bei uns siehe Gruppenstunden.<\/p>\n","protected":false},"author":2,"featured_media":0,"parent":0,"menu_order":0,"comment_status":"closed","ping_status":"closed","template":"elementor_header_footer","meta":[],"yoast_head":"<!-- This site is optimized with the Yoast SEO plugin v19.14 - https:\/\/yoast.com\/wordpress\/plugins\/seo\/ -->\n<title>Caravellestufe - [D]PSG Wernau<\/title>\n<meta name=\"robots\" content=\"index, follow, max-snippet:-1, max-image-preview:large, max-video-preview:-1\" \/>\n<link rel=\"canonical\" href=\"https:\/\/dpsg-wernau.de\/wordpress\/caravellestufe\/\" \/>\n<meta property=\"og:locale\" content=\"de_DE\" \/>\n<meta property=\"og:type\" content=\"article\" \/>\n<meta property=\"og:title\" content=\"Caravellestufe - [D]PSG Wernau\" \/>\n<meta property=\"og:description\" content=\"Caravellestufe Zur Altersstufe der Caravelles geh\u00f6ren die 13 bis 16-J\u00e4hrigen. Wir kochen, backen, spielen Spiele und haben gemeinsam einfach immer Spa\u00df. Wir freuen uns sehr auf Dich, also auf was wartest du noch? Die Caravelles treffen sich bei uns siehe Gruppenstunden.\" \/>\n<meta property=\"og:url\" content=\"https:\/\/dpsg-wernau.de\/wordpress\/caravellestufe\/\" \/>\n<meta property=\"og:site_name\" content=\"[D]PSG Wernau\" \/>\n<meta property=\"article:modified_time\" content=\"2022-11-08T09:24:40+00:00\" \/>\n<meta property=\"og:image\" content=\"https:\/\/s.w.org\/images\/core\/emoji\/13.0.0\/svg\/1f642.svg\" \/>\n<meta name=\"twitter:card\" content=\"summary_large_image\" \/>\n<meta name=\"twitter:label1\" content=\"Gesch\u00e4tzte Lesezeit\" \/>\n\t<meta name=\"twitter:data1\" content=\"1\u00a0Minute\" \/>\n<script type=\"application\/ld+json\" class=\"yoast-schema-graph\">{\"@context\":\"https:\/\/schema.org\",\"@graph\":[{\"@type\":\"WebPage\",\"@id\":\"https:\/\/dpsg-wernau.de\/wordpress\/caravellestufe\/\",\"url\":\"https:\/\/dpsg-wernau.de\/wordpress\/caravellestufe\/\",\"name\":\"Caravellestufe - [D]PSG Wernau\",\"isPartOf\":{\"@id\":\"https:\/\/dpsg-wernau.de\/wordpress\/#website\"},\"datePublished\":\"2020-11-04T20:34:44+00:00\",\"dateModified\":\"2022-11-08T09:24:40+00:00\",\"breadcrumb\":{\"@id\":\"https:\/\/dpsg-wernau.de\/wordpress\/caravellestufe\/#breadcrumb\"},\"inLanguage\":\"de\",\"potentialAction\":[{\"@type\":\"ReadAction\",\"target\":[\"https:\/\/dpsg-wernau.de\/wordpress\/caravellestufe\/\"]}]},{\"@type\":\"BreadcrumbList\",\"@id\":\"https:\/\/dpsg-wernau.de\/wordpress\/caravellestufe\/#breadcrumb\",\"itemListElement\":[{\"@type\":\"ListItem\",\"position\":1,\"name\":\"Startseite\",\"item\":\"https:\/\/dpsg-wernau.de\/wordpress\/\"},{\"@type\":\"ListItem\",\"position\":2,\"name\":\"Caravellestufe\"}]},{\"@type\":\"WebSite\",\"@id\":\"https:\/\/dpsg-wernau.de\/wordpress\/#website\",\"url\":\"https:\/\/dpsg-wernau.de\/wordpress\/\",\"name\":\"[D]PSG Wernau\",\"description\":\"Deutsche Pfadfinderschaft St. Georg und Pfadfinderinnenschaft St. Georg\",\"potentialAction\":[{\"@type\":\"SearchAction\",\"target\":{\"@type\":\"EntryPoint\",\"urlTemplate\":\"https:\/\/dpsg-wernau.de\/wordpress\/?s={search_term_string}\"},\"query-input\":\"required name=search_term_string\"}],\"inLanguage\":\"de\"}]}<\/script>\n<!-- \/ Yoast SEO plugin. -->","yoast_head_json":{"title":"Caravellestufe - [D]PSG Wernau","robots":{"index":"index","follow":"follow","max-snippet":"max-snippet:-1","max-image-preview":"max-image-preview:large","max-video-preview":"max-video-preview:-1"},"canonical":"https:\/\/dpsg-wernau.de\/wordpress\/caravellestufe\/","og_locale":"de_DE","og_type":"article","og_title":"Caravellestufe - [D]PSG Wernau","og_description":"Caravellestufe Zur Altersstufe der Caravelles geh\u00f6ren die 13 bis 16-J\u00e4hrigen. Wir kochen, backen, spielen Spiele und haben gemeinsam einfach immer Spa\u00df. Wir freuen uns sehr auf Dich, also auf was wartest du noch? Die Caravelles treffen sich bei uns siehe Gruppenstunden.","og_url":"https:\/\/dpsg-wernau.de\/wordpress\/caravellestufe\/","og_site_name":"[D]PSG Wernau","article_modified_time":"2022-11-08T09:24:40+00:00","og_image":[{"url":"https:\/\/s.w.org\/images\/core\/emoji\/13.0.0\/svg\/1f642.svg"}],"twitter_card":"summary_large_image","twitter_misc":{"Gesch\u00e4tzte Lesezeit":"1\u00a0Minute"},"schema":{"@context":"https:\/\/schema.org","@graph":[{"@type":"WebPage","@id":"https:\/\/dpsg-wernau.de\/wordpress\/caravellestufe\/","url":"https:\/\/dpsg-wernau.de\/wordpress\/caravellestufe\/","name":"Caravellestufe - [D]PSG Wernau","isPartOf":{"@id":"https:\/\/dpsg-wernau.de\/wordpress\/#website"},"datePublished":"2020-11-04T20:34:44+00:00","dateModified":"2022-11-08T09:24:40+00:00","breadcrumb":{"@id":"https:\/\/dpsg-wernau.de\/wordpress\/caravellestufe\/#breadcrumb"},"inLanguage":"de","potentialAction":[{"@type":"ReadAction","target":["https:\/\/dpsg-wernau.de\/wordpress\/caravellestufe\/"]}]},{"@type":"BreadcrumbList","@id":"https:\/\/dpsg-wernau.de\/wordpress\/caravellestufe\/#breadcrumb","itemListElement":[{"@type":"ListItem","position":1,"name":"Startseite","item":"https:\/\/dpsg-wernau.de\/wordpress\/"},{"@type":"ListItem","position":2,"name":"Caravellestufe"}]},{"@type":"WebSite","@id":"https:\/\/dpsg-wernau.de\/wordpress\/#website","url":"https:\/\/dpsg-wernau.de\/wordpress\/","name":"[D]PSG Wernau","description":"Deutsche Pfadfinderschaft St. Georg und Pfadfinderinnenschaft St. Georg","potentialAction":[{"@type":"SearchAction","target":{"@type":"EntryPoint","urlTemplate":"https:\/\/dpsg-wernau.de\/wordpress\/?s={search_term_string}"},"query-input":"required name=search_term_string"}],"inLanguage":"de"}]}},"_links":{"self":[{"href":"https:\/\/dpsg-wernau.de\/wordpress\/wp-json\/wp\/v2\/pages\/755"}],"collection":[{"href":"https:\/\/dpsg-wernau.de\/wordpress\/wp-json\/wp\/v2\/pages"}],"about":[{"href":"https:\/\/dpsg-wernau.de\/wordpress\/wp-json\/wp\/v2\/types\/page"}],"author":[{"embeddable":true,"href":"https:\/\/dpsg-wernau.de\/wordpress\/wp-json\/wp\/v2\/users\/2"}],"replies":[{"embeddable":true,"href":"https:\/\/dpsg-wernau.de\/wordpress\/wp-json\/wp\/v2\/comments?post=755"}],"version-history":[{"count":7,"href":"https:\/\/dpsg-wernau.de\/wordpress\/wp-json\/wp\/v2\/pages\/755\/revisions"}],"predecessor-version":[{"id":1051,"href":"https:\/\/dpsg-wernau.de\/wordpress\/wp-json\/wp\/v2\/pages\/755\/revisions\/1051"}],"wp:attachment":[{"href":"https:\/\/dpsg-wernau.de\/wordpress\/wp-json\/wp\/v2\/media?parent=755"}],"curies":[{"name":"wp","href":"https:\/\/api.w.org\/{rel}","templated":true}]}}