{"id":733,"date":"2020-11-04T19:40:06","date_gmt":"2020-11-04T18:40:06","guid":{"rendered":"http:\/\/dpsg-wernau.de\/wordpress\/?page_id=733"},"modified":"2021-03-03T10:25:53","modified_gmt":"2021-03-03T09:25:53","slug":"aktionen-2","status":"publish","type":"page","link":"https:\/\/dpsg-wernau.de\/wordpress\/aktionen-2\/","title":{"rendered":"Aktionen"},"content":{"rendered":"\t\t<div data-elementor-type=\"wp-page\" data-elementor-id=\"733\" class=\"elementor elementor-733\">\n\t\t\t\t\t\t<div class=\"elementor-inner\">\n\t\t\t\t<div class=\"elementor-section-wrap\">\n\t\t\t\t\t\t\t\t\t<section class=\"elementor-section elementor-top-section elementor-element elementor-element-08eb352 elementor-section-boxed elementor-section-height-default elementor-section-height-default\" data-id=\"08eb352\" data-element_type=\"section\">\n\t\t\t\t\t\t<div class=\"elementor-container elementor-column-gap-default\">\n\t\t\t\t\t\t\t<div class=\"elementor-row\">\n\t\t\t\t\t\t\t\t\t<\/div>\n\t\t\t\t\t<\/div>\n\t\t<\/section>\n\t\t\t\t<section class=\"elementor-section elementor-top-section elementor-element elementor-element-7d9d7d74 elementor-section-boxed elementor-section-height-default elementor-section-height-default\" data-id=\"7d9d7d74\" data-element_type=\"section\">\n\t\t\t\t\t\t<div class=\"elementor-container elementor-column-gap-default\">\n\t\t\t\t\t\t\t<div class=\"elementor-row\">\n\t\t\t\t\t<div class=\"elementor-column elementor-col-100 elementor-top-column elementor-element elementor-element-1ba4621f\" data-id=\"1ba4621f\" data-element_type=\"column\">\n\t\t\t<div class=\"elementor-column-wrap elementor-element-populated\">\n\t\t\t\t\t\t\t<div class=\"elementor-widget-wrap\">\n\t\t\t\t\t\t<div class=\"elementor-element elementor-element-716497e elementor-view-stacked elementor-shape-circle elementor-widget elementor-widget-icon\" data-id=\"716497e\" data-element_type=\"widget\" data-widget_type=\"icon.default\">\n\t\t\t\t<div class=\"elementor-widget-container\">\n\t\t\t\t\t<div class=\"elementor-icon-wrapper\">\n\t\t\t<div class=\"elementor-icon\">\n\t\t\t<i aria-hidden=\"true\" class=\"far fa-heart\"><\/i>\t\t\t<\/div>\n\t\t<\/div>\n\t\t\t\t<\/div>\n\t\t\t\t<\/div>\n\t\t\t\t<div class=\"elementor-element elementor-element-2d5cf96d elementor-widget elementor-widget-heading\" data-id=\"2d5cf96d\" data-element_type=\"widget\" data-widget_type=\"heading.default\">\n\t\t\t\t<div class=\"elementor-widget-container\">\n\t\t\t<h2 class=\"elementor-heading-title elementor-size-default\">Aktionen<\/h2>\t\t<\/div>\n\t\t\t\t<\/div>\n\t\t\t\t<div class=\"elementor-element elementor-element-6c6756d3 elementor-widget elementor-widget-heading\" data-id=\"6c6756d3\" data-element_type=\"widget\" data-widget_type=\"heading.default\">\n\t\t\t\t<div class=\"elementor-widget-container\">\n\t\t\t<h2 class=\"elementor-heading-title elementor-size-default\">Jedes Jahr finden verschiedene Veranstaltungen im Rahmen des Vereins statt:<\/h2>\t\t<\/div>\n\t\t\t\t<\/div>\n\t\t\t\t<div class=\"elementor-element elementor-element-2f56c165 elementor-widget elementor-widget-text-editor\" data-id=\"2f56c165\" data-element_type=\"widget\" data-widget_type=\"text-editor.default\">\n\t\t\t\t<div class=\"elementor-widget-container\">\n\t\t\t\t\t\t\t\t<div class=\"elementor-text-editor elementor-clearfix\">\n\t\t\t\t<ul><li><strong>Christbaumaktion<\/strong><br \/>Wir sammeln Ihren alten Weihnachtsbaum ein!<\/li><li><strong>Rollstuhlschieben<\/strong><br \/>Wir bringen die Gehbehinderten des Altenheims St. Lukas einmal im Jahr in den Gottesdienst\u00a0der Erasmus-Kirche.<\/li><li><strong>J\u00e4hrlicher Stammesausflug<\/strong><br \/>Wir veranstalten f\u00fcr alle Altersgruppen einen Ausflugstag, wie z.B. einen Ausflug in den Kletterwald.<\/li><li><strong>Die Biegelkirbe<\/strong><br \/>Wir machen aus \u00c4pfeln der umliegenden Streuobstwiesen frischen Apfelsaft.<\/li><li><strong>Friedenslicht<\/strong><br \/>Wir holen das Friedenslicht aus Bethlehem von Stuttgart nach Wernau.<\/li><li><strong>Weihnachtsmarkt<\/strong><br \/>Weihnachtsjurte auf dem Weihnachtsmarkt Wernau.<\/li><li><strong>Waldweihnacht<\/strong><br \/>Die Weihnachtsfeier f\u00fcr alle Ehemaligen, Familien, Mitglieder und Nicht-Mitglieder.<\/li><\/ul>\t\t\t\t\t<\/div>\n\t\t\t\t\t\t<\/div>\n\t\t\t\t<\/div>\n\t\t\t\t<div class=\"elementor-element elementor-element-61d04e6 elementor-widget elementor-widget-spacer\" data-id=\"61d04e6\" data-element_type=\"widget\" data-widget_type=\"spacer.default\">\n\t\t\t\t<div class=\"elementor-widget-container\">\n\t\t\t\t\t<div class=\"elementor-spacer\">\n\t\t\t<div class=\"elementor-spacer-inner\"><\/div>\n\t\t<\/div>\n\t\t\t\t<\/div>\n\t\t\t\t<\/div>\n\t\t\t\t\t\t<\/div>\n\t\t\t\t\t<\/div>\n\t\t<\/div>\n\t\t\t\t\t\t\t\t<\/div>\n\t\t\t\t\t<\/div>\n\t\t<\/section>\n\t\t\t\t<section class=\"elementor-section elementor-top-section elementor-element elementor-element-3971d88 elementor-section-boxed elementor-section-height-default elementor-section-height-default\" data-id=\"3971d88\" data-element_type=\"section\">\n\t\t\t\t\t\t<div class=\"elementor-container elementor-column-gap-default\">\n\t\t\t\t\t\t\t<div class=\"elementor-row\">\n\t\t\t\t\t<div class=\"elementor-column elementor-col-100 elementor-top-column elementor-element elementor-element-e7fcaca\" data-id=\"e7fcaca\" data-element_type=\"column\">\n\t\t\t<div class=\"elementor-column-wrap elementor-element-populated\">\n\t\t\t\t\t\t\t<div class=\"elementor-widget-wrap\">\n\t\t\t\t\t\t<div class=\"elementor-element elementor-element-db05a74 elementor-view-stacked elementor-shape-circle elementor-widget elementor-widget-icon\" data-id=\"db05a74\" data-element_type=\"widget\" data-widget_type=\"icon.default\">\n\t\t\t\t<div class=\"elementor-widget-container\">\n\t\t\t\t\t<div class=\"elementor-icon-wrapper\">\n\t\t\t<div class=\"elementor-icon\">\n\t\t\t<i aria-hidden=\"true\" class=\"fas fa-campground\"><\/i>\t\t\t<\/div>\n\t\t<\/div>\n\t\t\t\t<\/div>\n\t\t\t\t<\/div>\n\t\t\t\t<div class=\"elementor-element elementor-element-1d26bba elementor-widget elementor-widget-heading\" data-id=\"1d26bba\" data-element_type=\"widget\" data-widget_type=\"heading.default\">\n\t\t\t\t<div class=\"elementor-widget-container\">\n\t\t\t<h2 class=\"elementor-heading-title elementor-size-default\">Lager<\/h2>\t\t<\/div>\n\t\t\t\t<\/div>\n\t\t\t\t<div class=\"elementor-element elementor-element-bd0baab elementor-widget elementor-widget-heading\" data-id=\"bd0baab\" data-element_type=\"widget\" data-widget_type=\"heading.default\">\n\t\t\t\t<div class=\"elementor-widget-container\">\n\t\t\t<h2 class=\"elementor-heading-title elementor-size-default\">Die Highlights im Jahr:<\/h2>\t\t<\/div>\n\t\t\t\t<\/div>\n\t\t\t\t<div class=\"elementor-element elementor-element-831aafe elementor-widget elementor-widget-text-editor\" data-id=\"831aafe\" data-element_type=\"widget\" data-widget_type=\"text-editor.default\">\n\t\t\t\t<div class=\"elementor-widget-container\">\n\t\t\t\t\t\t\t\t<div class=\"elementor-text-editor elementor-clearfix\">\n\t\t\t\t<ul><li><strong>Sommerlager<\/strong><\/li><li><strong>Pfingstlager<\/strong><\/li><li><strong>H\u00fcttenwochenende<\/strong><\/li><\/ul>\t\t\t\t\t<\/div>\n\t\t\t\t\t\t<\/div>\n\t\t\t\t<\/div>\n\t\t\t\t\t\t<\/div>\n\t\t\t\t\t<\/div>\n\t\t<\/div>\n\t\t\t\t\t\t\t\t<\/div>\n\t\t\t\t\t<\/div>\n\t\t<\/section>\n\t\t\t\t\t\t\t\t\t<\/div>\n\t\t\t<\/div>\n\t\t\t\t\t<\/div>\n\t\t","protected":false},"excerpt":{"rendered":"<p>Aktionen Jedes Jahr finden verschiedene Veranstaltungen im Rahmen des Vereins statt: ChristbaumaktionWir sammeln Ihren alten Weihnachtsbaum ein! RollstuhlschiebenWir bringen die Gehbehinderten des Altenheims St. Lukas einmal im Jahr in den Gottesdienst\u00a0der Erasmus-Kirche. J\u00e4hrlicher StammesausflugWir veranstalten f\u00fcr alle Altersgruppen einen Ausflugstag, wie z.B. einen Ausflug in den Kletterwald. Die BiegelkirbeWir machen aus \u00c4pfeln der umliegenden Streuobstwiesen&#8230;<\/p>\n","protected":false},"author":2,"featured_media":0,"parent":0,"menu_order":0,"comment_status":"closed","ping_status":"closed","template":"elementor_header_footer","meta":[],"yoast_head":"<!-- This site is optimized with the Yoast SEO plugin v19.14 - https:\/\/yoast.com\/wordpress\/plugins\/seo\/ -->\n<title>Aktionen - [D]PSG Wernau<\/title>\n<meta name=\"robots\" content=\"index, follow, max-snippet:-1, max-image-preview:large, max-video-preview:-1\" \/>\n<link rel=\"canonical\" href=\"https:\/\/dpsg-wernau.de\/wordpress\/aktionen-2\/\" \/>\n<meta property=\"og:locale\" content=\"de_DE\" \/>\n<meta property=\"og:type\" content=\"article\" \/>\n<meta property=\"og:title\" content=\"Aktionen - [D]PSG Wernau\" \/>\n<meta property=\"og:description\" content=\"Aktionen Jedes Jahr finden verschiedene Veranstaltungen im Rahmen des Vereins statt: ChristbaumaktionWir sammeln Ihren alten Weihnachtsbaum ein! RollstuhlschiebenWir bringen die Gehbehinderten des Altenheims St. Lukas einmal im Jahr in den Gottesdienst\u00a0der Erasmus-Kirche. J\u00e4hrlicher StammesausflugWir veranstalten f\u00fcr alle Altersgruppen einen Ausflugstag, wie z.B. einen Ausflug in den Kletterwald. Die BiegelkirbeWir machen aus \u00c4pfeln der umliegenden Streuobstwiesen...\" \/>\n<meta property=\"og:url\" content=\"https:\/\/dpsg-wernau.de\/wordpress\/aktionen-2\/\" \/>\n<meta property=\"og:site_name\" content=\"[D]PSG Wernau\" \/>\n<meta property=\"article:modified_time\" content=\"2021-03-03T09:25:53+00:00\" \/>\n<meta name=\"twitter:card\" content=\"summary_large_image\" \/>\n<script type=\"application\/ld+json\" class=\"yoast-schema-graph\">{\"@context\":\"https:\/\/schema.org\",\"@graph\":[{\"@type\":\"WebPage\",\"@id\":\"https:\/\/dpsg-wernau.de\/wordpress\/aktionen-2\/\",\"url\":\"https:\/\/dpsg-wernau.de\/wordpress\/aktionen-2\/\",\"name\":\"Aktionen - [D]PSG Wernau\",\"isPartOf\":{\"@id\":\"https:\/\/dpsg-wernau.de\/wordpress\/#website\"},\"datePublished\":\"2020-11-04T18:40:06+00:00\",\"dateModified\":\"2021-03-03T09:25:53+00:00\",\"breadcrumb\":{\"@id\":\"https:\/\/dpsg-wernau.de\/wordpress\/aktionen-2\/#breadcrumb\"},\"inLanguage\":\"de\",\"potentialAction\":[{\"@type\":\"ReadAction\",\"target\":[\"https:\/\/dpsg-wernau.de\/wordpress\/aktionen-2\/\"]}]},{\"@type\":\"BreadcrumbList\",\"@id\":\"https:\/\/dpsg-wernau.de\/wordpress\/aktionen-2\/#breadcrumb\",\"itemListElement\":[{\"@type\":\"ListItem\",\"position\":1,\"name\":\"Startseite\",\"item\":\"https:\/\/dpsg-wernau.de\/wordpress\/\"},{\"@type\":\"ListItem\",\"position\":2,\"name\":\"Aktionen\"}]},{\"@type\":\"WebSite\",\"@id\":\"https:\/\/dpsg-wernau.de\/wordpress\/#website\",\"url\":\"https:\/\/dpsg-wernau.de\/wordpress\/\",\"name\":\"[D]PSG Wernau\",\"description\":\"Deutsche Pfadfinderschaft St. Georg und Pfadfinderinnenschaft St. Georg\",\"potentialAction\":[{\"@type\":\"SearchAction\",\"target\":{\"@type\":\"EntryPoint\",\"urlTemplate\":\"https:\/\/dpsg-wernau.de\/wordpress\/?s={search_term_string}\"},\"query-input\":\"required name=search_term_string\"}],\"inLanguage\":\"de\"}]}<\/script>\n<!-- \/ Yoast SEO plugin. -->","yoast_head_json":{"title":"Aktionen - [D]PSG Wernau","robots":{"index":"index","follow":"follow","max-snippet":"max-snippet:-1","max-image-preview":"max-image-preview:large","max-video-preview":"max-video-preview:-1"},"canonical":"https:\/\/dpsg-wernau.de\/wordpress\/aktionen-2\/","og_locale":"de_DE","og_type":"article","og_title":"Aktionen - [D]PSG Wernau","og_description":"Aktionen Jedes Jahr finden verschiedene Veranstaltungen im Rahmen des Vereins statt: ChristbaumaktionWir sammeln Ihren alten Weihnachtsbaum ein! RollstuhlschiebenWir bringen die Gehbehinderten des Altenheims St. Lukas einmal im Jahr in den Gottesdienst\u00a0der Erasmus-Kirche. J\u00e4hrlicher StammesausflugWir veranstalten f\u00fcr alle Altersgruppen einen Ausflugstag, wie z.B. einen Ausflug in den Kletterwald. Die BiegelkirbeWir machen aus \u00c4pfeln der umliegenden Streuobstwiesen...","og_url":"https:\/\/dpsg-wernau.de\/wordpress\/aktionen-2\/","og_site_name":"[D]PSG Wernau","article_modified_time":"2021-03-03T09:25:53+00:00","twitter_card":"summary_large_image","schema":{"@context":"https:\/\/schema.org","@graph":[{"@type":"WebPage","@id":"https:\/\/dpsg-wernau.de\/wordpress\/aktionen-2\/","url":"https:\/\/dpsg-wernau.de\/wordpress\/aktionen-2\/","name":"Aktionen - [D]PSG Wernau","isPartOf":{"@id":"https:\/\/dpsg-wernau.de\/wordpress\/#website"},"datePublished":"2020-11-04T18:40:06+00:00","dateModified":"2021-03-03T09:25:53+00:00","breadcrumb":{"@id":"https:\/\/dpsg-wernau.de\/wordpress\/aktionen-2\/#breadcrumb"},"inLanguage":"de","potentialAction":[{"@type":"ReadAction","target":["https:\/\/dpsg-wernau.de\/wordpress\/aktionen-2\/"]}]},{"@type":"BreadcrumbList","@id":"https:\/\/dpsg-wernau.de\/wordpress\/aktionen-2\/#breadcrumb","itemListElement":[{"@type":"ListItem","position":1,"name":"Startseite","item":"https:\/\/dpsg-wernau.de\/wordpress\/"},{"@type":"ListItem","position":2,"name":"Aktionen"}]},{"@type":"WebSite","@id":"https:\/\/dpsg-wernau.de\/wordpress\/#website","url":"https:\/\/dpsg-wernau.de\/wordpress\/","name":"[D]PSG Wernau","description":"Deutsche Pfadfinderschaft St. Georg und Pfadfinderinnenschaft St. Georg","potentialAction":[{"@type":"SearchAction","target":{"@type":"EntryPoint","urlTemplate":"https:\/\/dpsg-wernau.de\/wordpress\/?s={search_term_string}"},"query-input":"required name=search_term_string"}],"inLanguage":"de"}]}},"_links":{"self":[{"href":"https:\/\/dpsg-wernau.de\/wordpress\/wp-json\/wp\/v2\/pages\/733"}],"collection":[{"href":"https:\/\/dpsg-wernau.de\/wordpress\/wp-json\/wp\/v2\/pages"}],"about":[{"href":"https:\/\/dpsg-wernau.de\/wordpress\/wp-json\/wp\/v2\/types\/page"}],"author":[{"embeddable":true,"href":"https:\/\/dpsg-wernau.de\/wordpress\/wp-json\/wp\/v2\/users\/2"}],"replies":[{"embeddable":true,"href":"https:\/\/dpsg-wernau.de\/wordpress\/wp-json\/wp\/v2\/comments?post=733"}],"version-history":[{"count":12,"href":"https:\/\/dpsg-wernau.de\/wordpress\/wp-json\/wp\/v2\/pages\/733\/revisions"}],"predecessor-version":[{"id":915,"href":"https:\/\/dpsg-wernau.de\/wordpress\/wp-json\/wp\/v2\/pages\/733\/revisions\/915"}],"wp:attachment":[{"href":"https:\/\/dpsg-wernau.de\/wordpress\/wp-json\/wp\/v2\/media?parent=733"}],"curies":[{"name":"wp","href":"https:\/\/api.w.org\/{rel}","templated":true}]}}