{"id":721,"date":"2020-11-04T19:33:35","date_gmt":"2020-11-04T18:33:35","guid":{"rendered":"http:\/\/dpsg-wernau.de\/wordpress\/?page_id=721"},"modified":"2021-05-08T19:29:05","modified_gmt":"2021-05-08T17:29:05","slug":"ueber-uns","status":"publish","type":"page","link":"https:\/\/dpsg-wernau.de\/wordpress\/ueber-uns\/","title":{"rendered":"\u00dcber Uns"},"content":{"rendered":"\t\t<div data-elementor-type=\"wp-page\" data-elementor-id=\"721\" class=\"elementor elementor-721\">\n\t\t\t\t\t\t<div class=\"elementor-inner\">\n\t\t\t\t<div class=\"elementor-section-wrap\">\n\t\t\t\t\t\t\t\t\t<section class=\"elementor-section elementor-top-section elementor-element elementor-element-7f27f05 elementor-section-boxed elementor-section-height-default elementor-section-height-default\" data-id=\"7f27f05\" data-element_type=\"section\">\n\t\t\t\t\t\t<div class=\"elementor-container elementor-column-gap-default\">\n\t\t\t\t\t\t\t<div class=\"elementor-row\">\n\t\t\t\t\t<div class=\"elementor-column elementor-col-100 elementor-top-column elementor-element elementor-element-f0dbcd7\" data-id=\"f0dbcd7\" data-element_type=\"column\">\n\t\t\t<div class=\"elementor-column-wrap elementor-element-populated\">\n\t\t\t\t\t\t\t<div class=\"elementor-widget-wrap\">\n\t\t\t\t\t\t<div class=\"elementor-element elementor-element-60dad61 elementor-widget elementor-widget-heading\" data-id=\"60dad61\" data-element_type=\"widget\" data-widget_type=\"heading.default\">\n\t\t\t\t<div class=\"elementor-widget-container\">\n\t\t\t<h2 class=\"elementor-heading-title elementor-size-default\">\u00dcber Uns<\/h2>\t\t<\/div>\n\t\t\t\t<\/div>\n\t\t\t\t<div class=\"elementor-element elementor-element-adfe2cd elementor-widget elementor-widget-heading\" data-id=\"adfe2cd\" data-element_type=\"widget\" data-widget_type=\"heading.default\">\n\t\t\t\t<div class=\"elementor-widget-container\">\n\t\t\t<h2 class=\"elementor-heading-title elementor-size-default\">Wir, der Pfadfinder-Stamm Wernau, stellen uns vor!<\/h2>\t\t<\/div>\n\t\t\t\t<\/div>\n\t\t\t\t<div class=\"elementor-element elementor-element-8d9d388 elementor-widget elementor-widget-text-editor\" data-id=\"8d9d388\" data-element_type=\"widget\" data-widget_type=\"text-editor.default\">\n\t\t\t\t<div class=\"elementor-widget-container\">\n\t\t\t\t\t\t\t\t<div class=\"elementor-text-editor elementor-clearfix\">\n\t\t\t\t<p>Pfadfinden ermutigt Kinder und Jugendliche dazu, Verantwortung f\u00fcr sich, ihre Mitmenschen und ihre Umwelt zu \u00fcbernehmen. Schritt f\u00fcr Schritt erlernen sie politisches Verhalten durch aktive Mitbestimmung. Pfadfinder sind offen gegen\u00fcber allen Menschen. Fester Bestandteil der [D]PSG ist seit mehr als 50 Jahren das gemeinsame Pfadfinden und das Einsetzen f\u00fcr Menschen mit Behinderung. Ebenso setzen sich die Pfadfinderinnen und Pfadfinder f\u00fcr ihre Umwelt ein. In den Gruppenstunden und in den Zeltlagern, lernen sie drau\u00dfen die Natur zu bewahren, Spa\u00df miteinander zu haben und Verantwortung f\u00fcr die Umwelt zu \u00fcbernehmen.<\/p>\t\t\t\t\t<\/div>\n\t\t\t\t\t\t<\/div>\n\t\t\t\t<\/div>\n\t\t\t\t<div class=\"elementor-element elementor-element-bc356ff elementor-widget elementor-widget-text-editor\" data-id=\"bc356ff\" data-element_type=\"widget\" data-widget_type=\"text-editor.default\">\n\t\t\t\t<div class=\"elementor-widget-container\">\n\t\t\t\t\t\t\t\t<div class=\"elementor-text-editor elementor-clearfix\">\n\t\t\t\t<p><strong>Der Stamm Wernau setzt sich aus der PSG und der DPSG zusammen.<\/strong><\/p><p>Die Deutsche Pfadfinderschaft St. Georg (DPSG) wurde 1929 gegr\u00fcndet und ist mit rund 95.000 Mitgliedern der gr\u00f6\u00dfte katholische Pfadfinderverband und gleichzeitig einer der gr\u00f6\u00dften Kinder- und Jugendverb\u00e4nde in Deutschland.<br \/>In der DPSG gibt es vier Altersstufen:<\/p><p><strong>\u2022 W\u00f6lflinge (7 &#8211; 10 Jahre)<\/strong><br \/><strong>\u2022 Jungpfadfinder (10 &#8211; 13 Jahre)<\/strong><br \/><strong>\u2022 Pfadfinder (13 \u2013 16 Jahre)<\/strong><br \/><strong>\u2022 Rover (ab 16 Jahren)<\/strong><\/p><p>Die Pfadfinderinnenschaft St. Georg (PSG) wurde 1947 gegr\u00fcndet und z\u00e4hlt bundesweit 10.000 Mitglieder. Da dies ein reiner M\u00e4dchenverband ist, stehen die Interessen von M\u00e4dchen und Frauen weltweit im Mittelpunkt.<br \/>Auch hier gibt es vier Altersstufen:<\/p><p><strong>\u2022 Wichtel (7 \u2013 10 Jahre)<\/strong><br \/><strong>\u2022 Pfadis (10 \u2013 13 Jahre)<\/strong><br \/><strong>\u2022 Caravelles (13 \u2013 16 Jahre)<\/strong><br \/><strong>\u2022 Ranger (ab 16 Jahren)<\/strong><\/p><p>\u00a0<\/p><p><strong>Wir freuen uns Dich kennenzulernen!<\/strong><\/p>\t\t\t\t\t<\/div>\n\t\t\t\t\t\t<\/div>\n\t\t\t\t<\/div>\n\t\t\t\t<div class=\"elementor-element elementor-element-bb6940f elementor-align-left elementor-widget elementor-widget-button\" data-id=\"bb6940f\" data-element_type=\"widget\" data-widget_type=\"button.default\">\n\t\t\t\t<div class=\"elementor-widget-container\">\n\t\t\t\t\t<div class=\"elementor-button-wrapper\">\n\t\t\t<a href=\"https:\/\/dpsg-wernau.de\/wordpress\/mitglied-werden\/\" class=\"elementor-button-link elementor-button elementor-size-sm\" role=\"button\">\n\t\t\t\t\t\t<span class=\"elementor-button-content-wrapper\">\n\t\t\t\t\t\t<span class=\"elementor-button-text\">HIER ANMELDEN UND MITGLIED WERDEN<\/span>\n\t\t<\/span>\n\t\t\t\t\t<\/a>\n\t\t<\/div>\n\t\t\t\t<\/div>\n\t\t\t\t<\/div>\n\t\t\t\t\t\t<\/div>\n\t\t\t\t\t<\/div>\n\t\t<\/div>\n\t\t\t\t\t\t\t\t<\/div>\n\t\t\t\t\t<\/div>\n\t\t<\/section>\n\t\t\t\t\t\t\t\t\t<\/div>\n\t\t\t<\/div>\n\t\t\t\t\t<\/div>\n\t\t","protected":false},"excerpt":{"rendered":"<p>\u00dcber Uns Wir, der Pfadfinder-Stamm Wernau, stellen uns vor! Pfadfinden ermutigt Kinder und Jugendliche dazu, Verantwortung f\u00fcr sich, ihre Mitmenschen und ihre Umwelt zu \u00fcbernehmen. Schritt f\u00fcr Schritt erlernen sie politisches Verhalten durch aktive Mitbestimmung. Pfadfinder sind offen gegen\u00fcber allen Menschen. Fester Bestandteil der [D]PSG ist seit mehr als 50 Jahren das gemeinsame Pfadfinden und&#8230;<\/p>\n","protected":false},"author":2,"featured_media":0,"parent":0,"menu_order":0,"comment_status":"closed","ping_status":"closed","template":"elementor_header_footer","meta":[],"yoast_head":"<!-- This site is optimized with the Yoast SEO plugin v19.14 - https:\/\/yoast.com\/wordpress\/plugins\/seo\/ -->\n<title>\u00dcber uns - [D]PSG Wernau<\/title>\n<meta name=\"description\" content=\"Herzlich Willkommen bei den Wernauer Pfadfinderinnen und Pfadfindern! Hier findet ihr Infos zu unseren Gruppenstunden, Aktionen und Ausfl\u00fcgen.\" \/>\n<meta name=\"robots\" content=\"index, follow, max-snippet:-1, max-image-preview:large, max-video-preview:-1\" \/>\n<link rel=\"canonical\" href=\"https:\/\/dpsg-wernau.de\/wordpress\/ueber-uns\/\" \/>\n<meta property=\"og:locale\" content=\"de_DE\" \/>\n<meta property=\"og:type\" content=\"article\" \/>\n<meta property=\"og:title\" content=\"\u00dcber uns - [D]PSG Wernau\" \/>\n<meta property=\"og:description\" content=\"Herzlich Willkommen bei den Wernauer Pfadfinderinnen und Pfadfindern! Hier findet ihr Infos zu unseren Gruppenstunden, Aktionen und Ausfl\u00fcgen.\" \/>\n<meta property=\"og:url\" content=\"https:\/\/dpsg-wernau.de\/wordpress\/ueber-uns\/\" \/>\n<meta property=\"og:site_name\" content=\"[D]PSG Wernau\" \/>\n<meta property=\"article:modified_time\" content=\"2021-05-08T17:29:05+00:00\" \/>\n<meta name=\"twitter:card\" content=\"summary_large_image\" \/>\n<meta name=\"twitter:label1\" content=\"Gesch\u00e4tzte Lesezeit\" \/>\n\t<meta name=\"twitter:data1\" content=\"2\u00a0Minuten\" \/>\n<script type=\"application\/ld+json\" class=\"yoast-schema-graph\">{\"@context\":\"https:\/\/schema.org\",\"@graph\":[{\"@type\":\"WebPage\",\"@id\":\"https:\/\/dpsg-wernau.de\/wordpress\/ueber-uns\/\",\"url\":\"https:\/\/dpsg-wernau.de\/wordpress\/ueber-uns\/\",\"name\":\"\u00dcber uns - [D]PSG Wernau\",\"isPartOf\":{\"@id\":\"https:\/\/dpsg-wernau.de\/wordpress\/#website\"},\"datePublished\":\"2020-11-04T18:33:35+00:00\",\"dateModified\":\"2021-05-08T17:29:05+00:00\",\"description\":\"Herzlich Willkommen bei den Wernauer Pfadfinderinnen und Pfadfindern! Hier findet ihr Infos zu unseren Gruppenstunden, Aktionen und Ausfl\u00fcgen.\",\"breadcrumb\":{\"@id\":\"https:\/\/dpsg-wernau.de\/wordpress\/ueber-uns\/#breadcrumb\"},\"inLanguage\":\"de\",\"potentialAction\":[{\"@type\":\"ReadAction\",\"target\":[\"https:\/\/dpsg-wernau.de\/wordpress\/ueber-uns\/\"]}]},{\"@type\":\"BreadcrumbList\",\"@id\":\"https:\/\/dpsg-wernau.de\/wordpress\/ueber-uns\/#breadcrumb\",\"itemListElement\":[{\"@type\":\"ListItem\",\"position\":1,\"name\":\"Startseite\",\"item\":\"https:\/\/dpsg-wernau.de\/wordpress\/\"},{\"@type\":\"ListItem\",\"position\":2,\"name\":\"\u00dcber Uns\"}]},{\"@type\":\"WebSite\",\"@id\":\"https:\/\/dpsg-wernau.de\/wordpress\/#website\",\"url\":\"https:\/\/dpsg-wernau.de\/wordpress\/\",\"name\":\"[D]PSG Wernau\",\"description\":\"Deutsche Pfadfinderschaft St. Georg und Pfadfinderinnenschaft St. Georg\",\"potentialAction\":[{\"@type\":\"SearchAction\",\"target\":{\"@type\":\"EntryPoint\",\"urlTemplate\":\"https:\/\/dpsg-wernau.de\/wordpress\/?s={search_term_string}\"},\"query-input\":\"required name=search_term_string\"}],\"inLanguage\":\"de\"}]}<\/script>\n<!-- \/ Yoast SEO plugin. -->","yoast_head_json":{"title":"\u00dcber uns - [D]PSG Wernau","description":"Herzlich Willkommen bei den Wernauer Pfadfinderinnen und Pfadfindern! Hier findet ihr Infos zu unseren Gruppenstunden, Aktionen und Ausfl\u00fcgen.","robots":{"index":"index","follow":"follow","max-snippet":"max-snippet:-1","max-image-preview":"max-image-preview:large","max-video-preview":"max-video-preview:-1"},"canonical":"https:\/\/dpsg-wernau.de\/wordpress\/ueber-uns\/","og_locale":"de_DE","og_type":"article","og_title":"\u00dcber uns - [D]PSG Wernau","og_description":"Herzlich Willkommen bei den Wernauer Pfadfinderinnen und Pfadfindern! Hier findet ihr Infos zu unseren Gruppenstunden, Aktionen und Ausfl\u00fcgen.","og_url":"https:\/\/dpsg-wernau.de\/wordpress\/ueber-uns\/","og_site_name":"[D]PSG Wernau","article_modified_time":"2021-05-08T17:29:05+00:00","twitter_card":"summary_large_image","twitter_misc":{"Gesch\u00e4tzte Lesezeit":"2\u00a0Minuten"},"schema":{"@context":"https:\/\/schema.org","@graph":[{"@type":"WebPage","@id":"https:\/\/dpsg-wernau.de\/wordpress\/ueber-uns\/","url":"https:\/\/dpsg-wernau.de\/wordpress\/ueber-uns\/","name":"\u00dcber uns - [D]PSG Wernau","isPartOf":{"@id":"https:\/\/dpsg-wernau.de\/wordpress\/#website"},"datePublished":"2020-11-04T18:33:35+00:00","dateModified":"2021-05-08T17:29:05+00:00","description":"Herzlich Willkommen bei den Wernauer Pfadfinderinnen und Pfadfindern! Hier findet ihr Infos zu unseren Gruppenstunden, Aktionen und Ausfl\u00fcgen.","breadcrumb":{"@id":"https:\/\/dpsg-wernau.de\/wordpress\/ueber-uns\/#breadcrumb"},"inLanguage":"de","potentialAction":[{"@type":"ReadAction","target":["https:\/\/dpsg-wernau.de\/wordpress\/ueber-uns\/"]}]},{"@type":"BreadcrumbList","@id":"https:\/\/dpsg-wernau.de\/wordpress\/ueber-uns\/#breadcrumb","itemListElement":[{"@type":"ListItem","position":1,"name":"Startseite","item":"https:\/\/dpsg-wernau.de\/wordpress\/"},{"@type":"ListItem","position":2,"name":"\u00dcber Uns"}]},{"@type":"WebSite","@id":"https:\/\/dpsg-wernau.de\/wordpress\/#website","url":"https:\/\/dpsg-wernau.de\/wordpress\/","name":"[D]PSG Wernau","description":"Deutsche Pfadfinderschaft St. Georg und Pfadfinderinnenschaft St. Georg","potentialAction":[{"@type":"SearchAction","target":{"@type":"EntryPoint","urlTemplate":"https:\/\/dpsg-wernau.de\/wordpress\/?s={search_term_string}"},"query-input":"required name=search_term_string"}],"inLanguage":"de"}]}},"_links":{"self":[{"href":"https:\/\/dpsg-wernau.de\/wordpress\/wp-json\/wp\/v2\/pages\/721"}],"collection":[{"href":"https:\/\/dpsg-wernau.de\/wordpress\/wp-json\/wp\/v2\/pages"}],"about":[{"href":"https:\/\/dpsg-wernau.de\/wordpress\/wp-json\/wp\/v2\/types\/page"}],"author":[{"embeddable":true,"href":"https:\/\/dpsg-wernau.de\/wordpress\/wp-json\/wp\/v2\/users\/2"}],"replies":[{"embeddable":true,"href":"https:\/\/dpsg-wernau.de\/wordpress\/wp-json\/wp\/v2\/comments?post=721"}],"version-history":[{"count":6,"href":"https:\/\/dpsg-wernau.de\/wordpress\/wp-json\/wp\/v2\/pages\/721\/revisions"}],"predecessor-version":[{"id":944,"href":"https:\/\/dpsg-wernau.de\/wordpress\/wp-json\/wp\/v2\/pages\/721\/revisions\/944"}],"wp:attachment":[{"href":"https:\/\/dpsg-wernau.de\/wordpress\/wp-json\/wp\/v2\/media?parent=721"}],"curies":[{"name":"wp","href":"https:\/\/api.w.org\/{rel}","templated":true}]}}