{"id":710,"date":"2020-11-04T19:32:14","date_gmt":"2020-11-04T18:32:14","guid":{"rendered":"http:\/\/dpsg-wernau.de\/wordpress\/?page_id=710"},"modified":"2025-01-04T18:34:39","modified_gmt":"2025-01-04T17:34:39","slug":"herzlich-willkommen-bei-den-wernauer-pfadfindern","status":"publish","type":"page","link":"https:\/\/dpsg-wernau.de\/wordpress\/","title":{"rendered":"Herzlich Willkommen bei den Wernauer Pfadfindern!"},"content":{"rendered":"\t\t<div data-elementor-type=\"wp-page\" data-elementor-id=\"710\" class=\"elementor elementor-710\">\n\t\t\t\t\t\t<div class=\"elementor-inner\">\n\t\t\t\t<div class=\"elementor-section-wrap\">\n\t\t\t\t\t\t\t\t\t<section class=\"elementor-section elementor-top-section elementor-element elementor-element-07f0901 elementor-section-boxed elementor-section-height-default elementor-section-height-default\" data-id=\"07f0901\" data-element_type=\"section\">\n\t\t\t\t\t\t<div class=\"elementor-container elementor-column-gap-default\">\n\t\t\t\t\t\t\t<div class=\"elementor-row\">\n\t\t\t\t\t<div class=\"elementor-column elementor-col-100 elementor-top-column elementor-element elementor-element-ed116d1\" data-id=\"ed116d1\" data-element_type=\"column\">\n\t\t\t<div class=\"elementor-column-wrap elementor-element-populated\">\n\t\t\t\t\t\t\t<div class=\"elementor-widget-wrap\">\n\t\t\t\t\t\t<div class=\"elementor-element elementor-element-49fa414 elementor-widget elementor-widget-heading\" data-id=\"49fa414\" data-element_type=\"widget\" data-widget_type=\"heading.default\">\n\t\t\t\t<div class=\"elementor-widget-container\">\n\t\t\t<h2 class=\"elementor-heading-title elementor-size-default\">Herzlich Willkommen bei den Wernauer Pfadfindern!<\/h2>\t\t<\/div>\n\t\t\t\t<\/div>\n\t\t\t\t\t\t<\/div>\n\t\t\t\t\t<\/div>\n\t\t<\/div>\n\t\t\t\t\t\t\t\t<\/div>\n\t\t\t\t\t<\/div>\n\t\t<\/section>\n\t\t\t\t<section class=\"elementor-section elementor-top-section elementor-element elementor-element-87023a6 elementor-section-boxed elementor-section-height-default elementor-section-height-default\" data-id=\"87023a6\" data-element_type=\"section\">\n\t\t\t\t\t\t<div class=\"elementor-container elementor-column-gap-default\">\n\t\t\t\t\t\t\t<div class=\"elementor-row\">\n\t\t\t\t\t<div class=\"elementor-column elementor-col-100 elementor-top-column elementor-element elementor-element-d1c468a\" data-id=\"d1c468a\" data-element_type=\"column\">\n\t\t\t<div class=\"elementor-column-wrap elementor-element-populated\">\n\t\t\t\t\t\t\t<div class=\"elementor-widget-wrap\">\n\t\t\t\t\t\t<div class=\"elementor-element elementor-element-667ba9d elementor-arrows-position-inside elementor-widget elementor-widget-image-carousel\" data-id=\"667ba9d\" data-element_type=\"widget\" data-settings=\"{&quot;slides_to_show&quot;:&quot;1&quot;,&quot;navigation&quot;:&quot;arrows&quot;,&quot;pause_on_hover&quot;:&quot;no&quot;,&quot;pause_on_interaction&quot;:&quot;no&quot;,&quot;autoplay_speed&quot;:2500,&quot;autoplay&quot;:&quot;yes&quot;,&quot;infinite&quot;:&quot;yes&quot;,&quot;effect&quot;:&quot;slide&quot;,&quot;speed&quot;:500}\" data-widget_type=\"image-carousel.default\">\n\t\t\t\t<div class=\"elementor-widget-container\">\n\t\t\t\t\t<div class=\"elementor-image-carousel-wrapper swiper-container\" dir=\"ltr\">\n\t\t\t<div class=\"elementor-image-carousel swiper-wrapper\">\n\t\t\t\t\t\t\t\t<div class=\"swiper-slide\"><figure class=\"swiper-slide-inner\"><img decoding=\"async\" class=\"swiper-slide-image\" src=\"https:\/\/dpsg-wernau.de\/wordpress\/wp-content\/uploads\/2021\/03\/Header_2-1.jpg\" alt=\"Header_2-1\" \/><\/figure><\/div><div class=\"swiper-slide\"><figure class=\"swiper-slide-inner\"><img decoding=\"async\" class=\"swiper-slide-image\" src=\"https:\/\/dpsg-wernau.de\/wordpress\/wp-content\/uploads\/2021\/03\/Header_3-1.jpg\" alt=\"Header_3-1\" \/><\/figure><\/div><div class=\"swiper-slide\"><figure class=\"swiper-slide-inner\"><img decoding=\"async\" class=\"swiper-slide-image\" src=\"https:\/\/dpsg-wernau.de\/wordpress\/wp-content\/uploads\/2021\/03\/Header_4-1.jpg\" alt=\"Header_4-1\" \/><\/figure><\/div><div class=\"swiper-slide\"><figure class=\"swiper-slide-inner\"><img decoding=\"async\" class=\"swiper-slide-image\" src=\"https:\/\/dpsg-wernau.de\/wordpress\/wp-content\/uploads\/2021\/03\/Header_5-1.jpg\" alt=\"Header_5-1\" \/><\/figure><\/div>\t\t\t<\/div>\n\t\t\t\t\t\t\t\t\t\t\t\t\t\t\t\t<div class=\"elementor-swiper-button elementor-swiper-button-prev\">\n\t\t\t\t\t\t<i aria-hidden=\"true\" class=\"eicon-chevron-left\"><\/i>\t\t\t\t\t\t<span class=\"elementor-screen-only\">Zur\u00fcck<\/span>\n\t\t\t\t\t<\/div>\n\t\t\t\t\t<div class=\"elementor-swiper-button elementor-swiper-button-next\">\n\t\t\t\t\t\t<i aria-hidden=\"true\" class=\"eicon-chevron-right\"><\/i>\t\t\t\t\t\t<span class=\"elementor-screen-only\">Weiter<\/span>\n\t\t\t\t\t<\/div>\n\t\t\t\t\t\t\t\t\t<\/div>\n\t\t\t\t<\/div>\n\t\t\t\t<\/div>\n\t\t\t\t<div class=\"elementor-element elementor-element-0f01563 elementor-widget elementor-widget-spacer\" data-id=\"0f01563\" data-element_type=\"widget\" data-widget_type=\"spacer.default\">\n\t\t\t\t<div class=\"elementor-widget-container\">\n\t\t\t\t\t<div class=\"elementor-spacer\">\n\t\t\t<div class=\"elementor-spacer-inner\"><\/div>\n\t\t<\/div>\n\t\t\t\t<\/div>\n\t\t\t\t<\/div>\n\t\t\t\t\t\t<\/div>\n\t\t\t\t\t<\/div>\n\t\t<\/div>\n\t\t\t\t\t\t\t\t<\/div>\n\t\t\t\t\t<\/div>\n\t\t<\/section>\n\t\t\t\t<section class=\"elementor-section elementor-top-section elementor-element elementor-element-c029ad1 elementor-section-boxed elementor-section-height-default elementor-section-height-default\" data-id=\"c029ad1\" data-element_type=\"section\">\n\t\t\t\t\t\t<div class=\"elementor-container elementor-column-gap-default\">\n\t\t\t\t\t\t\t<div class=\"elementor-row\">\n\t\t\t\t\t<div class=\"elementor-column elementor-col-50 elementor-top-column elementor-element elementor-element-9ca7fe9\" data-id=\"9ca7fe9\" data-element_type=\"column\">\n\t\t\t<div class=\"elementor-column-wrap elementor-element-populated\">\n\t\t\t\t\t\t\t<div class=\"elementor-widget-wrap\">\n\t\t\t\t\t\t<div class=\"elementor-element elementor-element-3a7f895 elementor-widget elementor-widget-image\" data-id=\"3a7f895\" data-element_type=\"widget\" data-widget_type=\"image.default\">\n\t\t\t\t<div class=\"elementor-widget-container\">\n\t\t\t\t\t\t\t\t<div class=\"elementor-image\">\n\t\t\t\t\t\t\t\t\t\t\t\t\t<a href=\"http:\/\/www.wba-wernau.de\">\n\t\t\t\t\t\t\t<img decoding=\"async\" width=\"728\" height=\"1024\" src=\"https:\/\/dpsg-wernau.de\/wordpress\/wp-content\/uploads\/2025\/01\/NEUZeichenflaeche-1-728x1024.png\" class=\"attachment-large size-large wp-image-1170\" alt=\"\" loading=\"lazy\" srcset=\"https:\/\/dpsg-wernau.de\/wordpress\/wp-content\/uploads\/2025\/01\/NEUZeichenflaeche-1-728x1024.png 728w, https:\/\/dpsg-wernau.de\/wordpress\/wp-content\/uploads\/2025\/01\/NEUZeichenflaeche-1-213x300.png 213w, https:\/\/dpsg-wernau.de\/wordpress\/wp-content\/uploads\/2025\/01\/NEUZeichenflaeche-1-768x1080.png 768w, https:\/\/dpsg-wernau.de\/wordpress\/wp-content\/uploads\/2025\/01\/NEUZeichenflaeche-1-750x1054.png 750w, https:\/\/dpsg-wernau.de\/wordpress\/wp-content\/uploads\/2025\/01\/NEUZeichenflaeche-1.png 860w\" sizes=\"(max-width: 728px) 100vw, 728px\" \/>\t\t\t\t\t\t\t\t<\/a>\n\t\t\t\t\t\t\t\t\t\t\t\t\t\t<\/div>\n\t\t\t\t\t\t<\/div>\n\t\t\t\t<\/div>\n\t\t\t\t\t\t<\/div>\n\t\t\t\t\t<\/div>\n\t\t<\/div>\n\t\t\t\t<div class=\"elementor-column elementor-col-50 elementor-top-column elementor-element elementor-element-db041fa\" data-id=\"db041fa\" data-element_type=\"column\">\n\t\t\t<div class=\"elementor-column-wrap elementor-element-populated\">\n\t\t\t\t\t\t\t<div class=\"elementor-widget-wrap\">\n\t\t\t\t\t\t<div class=\"elementor-element elementor-element-5280169 elementor-widget elementor-widget-text-editor\" data-id=\"5280169\" data-element_type=\"widget\" data-widget_type=\"text-editor.default\">\n\t\t\t\t<div class=\"elementor-widget-container\">\n\t\t\t\t\t\t\t\t<div class=\"elementor-text-editor elementor-clearfix\">\n\t\t\t\t<p style=\"text-align: center;\"><strong>Hier geht&#8217;s zur Weihnachtsbaum Abholaktion<\/strong><\/p><p style=\"text-align: center;\">Baum anmelden unter:\u00a0<a style=\"font-family: var( --e-global-typography-text-font-family ), Sans-serif; font-size: var( --e-global-typography-text-font-size ); letter-spacing: 0px;\" href=\"http:\/\/www.wba-wernau.de\" target=\"_blank\" rel=\"noopener\">www.wba-wernau.de<\/a><\/p>\t\t\t\t\t<\/div>\n\t\t\t\t\t\t<\/div>\n\t\t\t\t<\/div>\n\t\t\t\t\t\t<\/div>\n\t\t\t\t\t<\/div>\n\t\t<\/div>\n\t\t\t\t\t\t\t\t<\/div>\n\t\t\t\t\t<\/div>\n\t\t<\/section>\n\t\t\t\t<section class=\"elementor-section elementor-top-section elementor-element elementor-element-292d887 elementor-section-boxed elementor-section-height-default elementor-section-height-default\" data-id=\"292d887\" data-element_type=\"section\">\n\t\t\t\t\t\t<div class=\"elementor-container elementor-column-gap-default\">\n\t\t\t\t\t\t\t<div class=\"elementor-row\">\n\t\t\t\t\t<div class=\"elementor-column elementor-col-100 elementor-top-column elementor-element elementor-element-e2f9198\" data-id=\"e2f9198\" data-element_type=\"column\">\n\t\t\t<div class=\"elementor-column-wrap elementor-element-populated\">\n\t\t\t\t\t\t\t<div class=\"elementor-widget-wrap\">\n\t\t\t\t\t\t<div class=\"elementor-element elementor-element-8afdf97 elementor-widget elementor-widget-text-editor\" data-id=\"8afdf97\" data-element_type=\"widget\" data-widget_type=\"text-editor.default\">\n\t\t\t\t<div class=\"elementor-widget-container\">\n\t\t\t\t\t\t\t\t<div class=\"elementor-text-editor elementor-clearfix\">\n\t\t\t\t<p style=\"text-align: center;\"><strong>Du m\u00f6chtest Abenteuer erleben? &#8211; Dann bist du hier genau richtig!<\/strong><\/p><p style=\"text-align: center;\">Informiere dich hier \u00fcber uns, komm in eine unserer Gruppenstunden und erlebe spannende Aktivit\u00e4ten.<br \/>Wir freuen uns auf dich!<\/p>\t\t\t\t\t<\/div>\n\t\t\t\t\t\t<\/div>\n\t\t\t\t<\/div>\n\t\t\t\t<div class=\"elementor-element elementor-element-41e0afd elementor-align-center elementor-widget elementor-widget-button\" data-id=\"41e0afd\" data-element_type=\"widget\" data-widget_type=\"button.default\">\n\t\t\t\t<div class=\"elementor-widget-container\">\n\t\t\t\t\t<div class=\"elementor-button-wrapper\">\n\t\t\t<a href=\"https:\/\/dpsg-wernau.de\/wordpress\/mitglied-werden\/\" class=\"elementor-button-link elementor-button elementor-size-sm\" role=\"button\">\n\t\t\t\t\t\t<span class=\"elementor-button-content-wrapper\">\n\t\t\t\t\t\t<span class=\"elementor-button-text\">HIER ANMELDEN UND MITGLIED WERDEN<\/span>\n\t\t<\/span>\n\t\t\t\t\t<\/a>\n\t\t<\/div>\n\t\t\t\t<\/div>\n\t\t\t\t<\/div>\n\t\t\t\t\t\t<\/div>\n\t\t\t\t\t<\/div>\n\t\t<\/div>\n\t\t\t\t\t\t\t\t<\/div>\n\t\t\t\t\t<\/div>\n\t\t<\/section>\n\t\t\t\t<section class=\"elementor-section elementor-top-section elementor-element elementor-element-222e543 elementor-section-boxed elementor-section-height-default elementor-section-height-default\" data-id=\"222e543\" data-element_type=\"section\">\n\t\t\t\t\t\t<div class=\"elementor-container elementor-column-gap-default\">\n\t\t\t\t\t\t\t<div class=\"elementor-row\">\n\t\t\t\t\t<div class=\"elementor-column elementor-col-100 elementor-top-column elementor-element elementor-element-dbb3775\" data-id=\"dbb3775\" data-element_type=\"column\">\n\t\t\t<div class=\"elementor-column-wrap elementor-element-populated\">\n\t\t\t\t\t\t\t<div class=\"elementor-widget-wrap\">\n\t\t\t\t\t\t<div class=\"elementor-element elementor-element-43fe00f elementor-widget elementor-widget-spacer\" data-id=\"43fe00f\" data-element_type=\"widget\" data-widget_type=\"spacer.default\">\n\t\t\t\t<div class=\"elementor-widget-container\">\n\t\t\t\t\t<div class=\"elementor-spacer\">\n\t\t\t<div class=\"elementor-spacer-inner\"><\/div>\n\t\t<\/div>\n\t\t\t\t<\/div>\n\t\t\t\t<\/div>\n\t\t\t\t\t\t<\/div>\n\t\t\t\t\t<\/div>\n\t\t<\/div>\n\t\t\t\t\t\t\t\t<\/div>\n\t\t\t\t\t<\/div>\n\t\t<\/section>\n\t\t\t\t<section class=\"elementor-section elementor-top-section elementor-element elementor-element-d8203ef elementor-section-boxed elementor-section-height-default elementor-section-height-default\" data-id=\"d8203ef\" data-element_type=\"section\">\n\t\t\t\t\t\t<div class=\"elementor-container elementor-column-gap-default\">\n\t\t\t\t\t\t\t<div class=\"elementor-row\">\n\t\t\t\t\t<div class=\"elementor-column elementor-col-100 elementor-top-column elementor-element elementor-element-8514f84\" data-id=\"8514f84\" data-element_type=\"column\" data-settings=\"{&quot;background_background&quot;:&quot;classic&quot;}\">\n\t\t\t<div class=\"elementor-column-wrap elementor-element-populated\">\n\t\t\t\t\t\t\t<div class=\"elementor-widget-wrap\">\n\t\t\t\t\t\t<div class=\"elementor-element elementor-element-fd65d9e elementor-widget elementor-widget-heading\" data-id=\"fd65d9e\" data-element_type=\"widget\" data-widget_type=\"heading.default\">\n\t\t\t\t<div class=\"elementor-widget-container\">\n\t\t\t<h2 class=\"elementor-heading-title elementor-size-default\">\"Ohne Abenteuer w\u00e4re das Leben t\u00f6dlich langweilig.\"<br><em style=\"font-family: Arial, Helvetica, sans-serif; font-size: 16px; font-weight: normal; white-space: normal;\">Robert Baden-Powell, Gr\u00fcnder der Pfadfinderbewegung<\/em><\/h2>\t\t<\/div>\n\t\t\t\t<\/div>\n\t\t\t\t\t\t<\/div>\n\t\t\t\t\t<\/div>\n\t\t<\/div>\n\t\t\t\t\t\t\t\t<\/div>\n\t\t\t\t\t<\/div>\n\t\t<\/section>\n\t\t\t\t<section class=\"elementor-section elementor-top-section elementor-element elementor-element-67e49e8 elementor-section-boxed elementor-section-height-default elementor-section-height-default\" data-id=\"67e49e8\" data-element_type=\"section\">\n\t\t\t\t\t\t<div class=\"elementor-container elementor-column-gap-default\">\n\t\t\t\t\t\t\t<div class=\"elementor-row\">\n\t\t\t\t\t<div class=\"elementor-column elementor-col-100 elementor-top-column elementor-element elementor-element-0dac337\" data-id=\"0dac337\" data-element_type=\"column\">\n\t\t\t<div class=\"elementor-column-wrap elementor-element-populated\">\n\t\t\t\t\t\t\t<div class=\"elementor-widget-wrap\">\n\t\t\t\t\t\t<div class=\"elementor-element elementor-element-8130fa9 elementor-widget elementor-widget-spacer\" data-id=\"8130fa9\" data-element_type=\"widget\" data-widget_type=\"spacer.default\">\n\t\t\t\t<div class=\"elementor-widget-container\">\n\t\t\t\t\t<div class=\"elementor-spacer\">\n\t\t\t<div class=\"elementor-spacer-inner\"><\/div>\n\t\t<\/div>\n\t\t\t\t<\/div>\n\t\t\t\t<\/div>\n\t\t\t\t\t\t<\/div>\n\t\t\t\t\t<\/div>\n\t\t<\/div>\n\t\t\t\t\t\t\t\t<\/div>\n\t\t\t\t\t<\/div>\n\t\t<\/section>\n\t\t\t\t\t\t\t\t\t<\/div>\n\t\t\t<\/div>\n\t\t\t\t\t<\/div>\n\t\t","protected":false},"excerpt":{"rendered":"<p>Herzlich Willkommen bei den Wernauer Pfadfindern! Zur\u00fcck Weiter Hier geht&#8217;s zur Weihnachtsbaum Abholaktion Baum anmelden unter:\u00a0www.wba-wernau.de Du m\u00f6chtest Abenteuer erleben? &#8211; Dann bist du hier genau richtig! Informiere dich hier \u00fcber uns, komm in eine unserer Gruppenstunden und erlebe spannende Aktivit\u00e4ten.Wir freuen uns auf dich! HIER ANMELDEN UND MITGLIED WERDEN &#8222;Ohne Abenteuer w\u00e4re das Leben&#8230;<\/p>\n","protected":false},"author":2,"featured_media":0,"parent":0,"menu_order":0,"comment_status":"closed","ping_status":"closed","template":"elementor_header_footer","meta":[],"yoast_head":"<!-- This site is optimized with the Yoast SEO plugin v19.14 - https:\/\/yoast.com\/wordpress\/plugins\/seo\/ -->\n<title>Herzlich Willkommen bei den Wernauer Pfadfindern! - [D]PSG Wernau<\/title>\n<meta name=\"description\" content=\"Hier findet ihr Informationen zu unseren Gruppenstunden, Aktionen, Ausfl\u00fcgen und vieles mehr. Viel Spa\u00df beim St\u00f6bern!\" \/>\n<meta name=\"robots\" content=\"index, follow, max-snippet:-1, max-image-preview:large, max-video-preview:-1\" \/>\n<link rel=\"canonical\" href=\"https:\/\/dpsg-wernau.de\/wordpress\/\" \/>\n<meta property=\"og:locale\" content=\"de_DE\" \/>\n<meta property=\"og:type\" content=\"article\" \/>\n<meta property=\"og:title\" content=\"Herzlich Willkommen bei den Wernauer Pfadfindern! - [D]PSG Wernau\" \/>\n<meta property=\"og:description\" content=\"Hier findet ihr Informationen zu unseren Gruppenstunden, Aktionen, Ausfl\u00fcgen und vieles mehr. Viel Spa\u00df beim St\u00f6bern!\" \/>\n<meta property=\"og:url\" content=\"https:\/\/dpsg-wernau.de\/wordpress\/\" \/>\n<meta property=\"og:site_name\" content=\"[D]PSG Wernau\" \/>\n<meta property=\"article:modified_time\" content=\"2025-01-04T17:34:39+00:00\" \/>\n<meta property=\"og:image\" content=\"http:\/\/dpsg-wernau.de\/wordpress\/wp-content\/uploads\/2021\/03\/Header_2-1.jpg\" \/>\n<meta name=\"twitter:card\" content=\"summary_large_image\" \/>\n<meta name=\"twitter:label1\" content=\"Gesch\u00e4tzte Lesezeit\" \/>\n\t<meta name=\"twitter:data1\" content=\"2\u00a0Minuten\" \/>\n<script type=\"application\/ld+json\" class=\"yoast-schema-graph\">{\"@context\":\"https:\/\/schema.org\",\"@graph\":[{\"@type\":\"WebPage\",\"@id\":\"https:\/\/dpsg-wernau.de\/wordpress\/\",\"url\":\"https:\/\/dpsg-wernau.de\/wordpress\/\",\"name\":\"Herzlich Willkommen bei den Wernauer Pfadfindern! - [D]PSG Wernau\",\"isPartOf\":{\"@id\":\"https:\/\/dpsg-wernau.de\/wordpress\/#website\"},\"datePublished\":\"2020-11-04T18:32:14+00:00\",\"dateModified\":\"2025-01-04T17:34:39+00:00\",\"description\":\"Hier findet ihr Informationen zu unseren Gruppenstunden, Aktionen, Ausfl\u00fcgen und vieles mehr. Viel Spa\u00df beim St\u00f6bern!\",\"breadcrumb\":{\"@id\":\"https:\/\/dpsg-wernau.de\/wordpress\/#breadcrumb\"},\"inLanguage\":\"de\",\"potentialAction\":[{\"@type\":\"ReadAction\",\"target\":[\"https:\/\/dpsg-wernau.de\/wordpress\/\"]}]},{\"@type\":\"BreadcrumbList\",\"@id\":\"https:\/\/dpsg-wernau.de\/wordpress\/#breadcrumb\",\"itemListElement\":[{\"@type\":\"ListItem\",\"position\":1,\"name\":\"Startseite\",\"item\":\"https:\/\/dpsg-wernau.de\/wordpress\/\"},{\"@type\":\"ListItem\",\"position\":2,\"name\":\"Herzlich Willkommen bei den Wernauer Pfadfindern!\"}]},{\"@type\":\"WebSite\",\"@id\":\"https:\/\/dpsg-wernau.de\/wordpress\/#website\",\"url\":\"https:\/\/dpsg-wernau.de\/wordpress\/\",\"name\":\"[D]PSG Wernau\",\"description\":\"Deutsche Pfadfinderschaft St. Georg und Pfadfinderinnenschaft St. Georg\",\"potentialAction\":[{\"@type\":\"SearchAction\",\"target\":{\"@type\":\"EntryPoint\",\"urlTemplate\":\"https:\/\/dpsg-wernau.de\/wordpress\/?s={search_term_string}\"},\"query-input\":\"required name=search_term_string\"}],\"inLanguage\":\"de\"}]}<\/script>\n<!-- \/ Yoast SEO plugin. -->","yoast_head_json":{"title":"Herzlich Willkommen bei den Wernauer Pfadfindern! - [D]PSG Wernau","description":"Hier findet ihr Informationen zu unseren Gruppenstunden, Aktionen, Ausfl\u00fcgen und vieles mehr. Viel Spa\u00df beim St\u00f6bern!","robots":{"index":"index","follow":"follow","max-snippet":"max-snippet:-1","max-image-preview":"max-image-preview:large","max-video-preview":"max-video-preview:-1"},"canonical":"https:\/\/dpsg-wernau.de\/wordpress\/","og_locale":"de_DE","og_type":"article","og_title":"Herzlich Willkommen bei den Wernauer Pfadfindern! - [D]PSG Wernau","og_description":"Hier findet ihr Informationen zu unseren Gruppenstunden, Aktionen, Ausfl\u00fcgen und vieles mehr. Viel Spa\u00df beim St\u00f6bern!","og_url":"https:\/\/dpsg-wernau.de\/wordpress\/","og_site_name":"[D]PSG Wernau","article_modified_time":"2025-01-04T17:34:39+00:00","og_image":[{"url":"http:\/\/dpsg-wernau.de\/wordpress\/wp-content\/uploads\/2021\/03\/Header_2-1.jpg"}],"twitter_card":"summary_large_image","twitter_misc":{"Gesch\u00e4tzte Lesezeit":"2\u00a0Minuten"},"schema":{"@context":"https:\/\/schema.org","@graph":[{"@type":"WebPage","@id":"https:\/\/dpsg-wernau.de\/wordpress\/","url":"https:\/\/dpsg-wernau.de\/wordpress\/","name":"Herzlich Willkommen bei den Wernauer Pfadfindern! - [D]PSG Wernau","isPartOf":{"@id":"https:\/\/dpsg-wernau.de\/wordpress\/#website"},"datePublished":"2020-11-04T18:32:14+00:00","dateModified":"2025-01-04T17:34:39+00:00","description":"Hier findet ihr Informationen zu unseren Gruppenstunden, Aktionen, Ausfl\u00fcgen und vieles mehr. Viel Spa\u00df beim St\u00f6bern!","breadcrumb":{"@id":"https:\/\/dpsg-wernau.de\/wordpress\/#breadcrumb"},"inLanguage":"de","potentialAction":[{"@type":"ReadAction","target":["https:\/\/dpsg-wernau.de\/wordpress\/"]}]},{"@type":"BreadcrumbList","@id":"https:\/\/dpsg-wernau.de\/wordpress\/#breadcrumb","itemListElement":[{"@type":"ListItem","position":1,"name":"Startseite","item":"https:\/\/dpsg-wernau.de\/wordpress\/"},{"@type":"ListItem","position":2,"name":"Herzlich Willkommen bei den Wernauer Pfadfindern!"}]},{"@type":"WebSite","@id":"https:\/\/dpsg-wernau.de\/wordpress\/#website","url":"https:\/\/dpsg-wernau.de\/wordpress\/","name":"[D]PSG Wernau","description":"Deutsche Pfadfinderschaft St. Georg und Pfadfinderinnenschaft St. Georg","potentialAction":[{"@type":"SearchAction","target":{"@type":"EntryPoint","urlTemplate":"https:\/\/dpsg-wernau.de\/wordpress\/?s={search_term_string}"},"query-input":"required name=search_term_string"}],"inLanguage":"de"}]}},"_links":{"self":[{"href":"https:\/\/dpsg-wernau.de\/wordpress\/wp-json\/wp\/v2\/pages\/710"}],"collection":[{"href":"https:\/\/dpsg-wernau.de\/wordpress\/wp-json\/wp\/v2\/pages"}],"about":[{"href":"https:\/\/dpsg-wernau.de\/wordpress\/wp-json\/wp\/v2\/types\/page"}],"author":[{"embeddable":true,"href":"https:\/\/dpsg-wernau.de\/wordpress\/wp-json\/wp\/v2\/users\/2"}],"replies":[{"embeddable":true,"href":"https:\/\/dpsg-wernau.de\/wordpress\/wp-json\/wp\/v2\/comments?post=710"}],"version-history":[{"count":99,"href":"https:\/\/dpsg-wernau.de\/wordpress\/wp-json\/wp\/v2\/pages\/710\/revisions"}],"predecessor-version":[{"id":1176,"href":"https:\/\/dpsg-wernau.de\/wordpress\/wp-json\/wp\/v2\/pages\/710\/revisions\/1176"}],"wp:attachment":[{"href":"https:\/\/dpsg-wernau.de\/wordpress\/wp-json\/wp\/v2\/media?parent=710"}],"curies":[{"name":"wp","href":"https:\/\/api.w.org\/{rel}","templated":true}]}}