{"id":25,"date":"2016-07-25T15:53:53","date_gmt":"2016-07-25T13:53:53","guid":{"rendered":"http:\/\/dpsg-wernau.de\/wordpress\/?page_id=25"},"modified":"2022-11-24T08:32:33","modified_gmt":"2022-11-24T07:32:33","slug":"kontakt","status":"publish","type":"page","link":"https:\/\/dpsg-wernau.de\/wordpress\/kontakt\/","title":{"rendered":"Kontakt"},"content":{"rendered":"<div id=\"pl-25\"  class=\"panel-layout\" ><div id=\"pg-25-0\"  class=\"panel-grid panel-no-style\" ><div id=\"pgc-25-0-0\"  class=\"panel-grid-cell\" ><div id=\"panel-25-0-0-0\" class=\"so-panel widget widget_text panel-first-child panel-last-child\" data-index=\"0\" ><h3 class=\"widget-title\">Kontaktformular<\/h3>\t\t\t<div class=\"textwidget\"><\/div>\n\t\t<\/div><\/div><\/div><div id=\"pg-25-1\"  class=\"panel-grid panel-no-style\" ><div id=\"pgc-25-1-0\"  class=\"panel-grid-cell\" ><div id=\"panel-25-1-0-0\" class=\"so-panel widget widget_sow-editor panel-first-child panel-last-child\" data-index=\"1\" ><div\n\t\t\t\n\t\t\tclass=\"so-widget-sow-editor so-widget-sow-editor-base\"\n\t\t\t\n\t\t>\n<div class=\"siteorigin-widget-tinymce textwidget\">\n\t<div class=\"wpcf7 no-js\" id=\"wpcf7-f92-o1\" lang=\"de-DE\" dir=\"ltr\">\n<div class=\"screen-reader-response\"><p role=\"status\" aria-live=\"polite\" aria-atomic=\"true\"><\/p> <ul><\/ul><\/div>\n<form action=\"\/wordpress\/wp-json\/wp\/v2\/pages\/25#wpcf7-f92-o1\" method=\"post\" class=\"wpcf7-form init\" aria-label=\"Kontaktformular\" novalidate=\"novalidate\" data-status=\"init\">\n<div style=\"display: none;\">\n<input type=\"hidden\" name=\"_wpcf7\" value=\"92\" \/>\n<input type=\"hidden\" name=\"_wpcf7_version\" value=\"5.7.2\" \/>\n<input type=\"hidden\" name=\"_wpcf7_locale\" value=\"de_DE\" \/>\n<input type=\"hidden\" name=\"_wpcf7_unit_tag\" value=\"wpcf7-f92-o1\" \/>\n<input type=\"hidden\" name=\"_wpcf7_container_post\" value=\"0\" \/>\n<input type=\"hidden\" name=\"_wpcf7_posted_data_hash\" value=\"\" \/>\n<input type=\"hidden\" name=\"_wpcf7_recaptcha_response\" value=\"\" \/>\n<\/div>\n<p><label> Ihr Name (Pflichtfeld)<br \/>\n<span class=\"wpcf7-form-control-wrap\" data-name=\"your-name\"><input size=\"40\" class=\"wpcf7-form-control wpcf7-text wpcf7-validates-as-required\" aria-required=\"true\" aria-invalid=\"false\" value=\"\" type=\"text\" name=\"your-name\" \/><\/span> <\/label>\n<\/p>\n<p><label> Ihre E-Mail-Adresse (Pflichtfeld)<br \/>\n<span class=\"wpcf7-form-control-wrap\" data-name=\"your-email\"><input size=\"40\" class=\"wpcf7-form-control wpcf7-text wpcf7-email wpcf7-validates-as-required wpcf7-validates-as-email\" aria-required=\"true\" aria-invalid=\"false\" value=\"\" type=\"email\" name=\"your-email\" \/><\/span> <\/label>\n<\/p>\n<p><label> Betreff<br \/>\n<span class=\"wpcf7-form-control-wrap\" data-name=\"your-subject\"><input size=\"40\" class=\"wpcf7-form-control wpcf7-text\" aria-invalid=\"false\" value=\"\" type=\"text\" name=\"your-subject\" \/><\/span> <\/label>\n<\/p>\n<p><label> Ihre Nachricht<br \/>\n<span class=\"wpcf7-form-control-wrap\" data-name=\"your-message\"><textarea cols=\"40\" rows=\"10\" class=\"wpcf7-form-control wpcf7-textarea\" aria-invalid=\"false\" name=\"your-message\"><\/textarea><\/span> <\/label>\n<\/p>\n<p><span class=\"wpcf7-form-control-wrap\" data-name=\"acceptance-440\"><span class=\"wpcf7-form-control wpcf7-acceptance\"><span class=\"wpcf7-list-item\"><label><input type=\"checkbox\" name=\"acceptance-440\" value=\"1\" aria-invalid=\"false\" \/><span class=\"wpcf7-list-item-label\">Ich habe die <a href=\"https:\/\/dpsg-wernau.de\/wordpress\/datenschutz\/\"> Datenschutzrichtlinien <\/a> gelesen und akzeptiere sie.<\/span><\/label><\/span><\/span><\/span>\n<\/p>\n<p><span class=\"wpcf7-form-control-wrap\" data-name=\"quiz-899\"><label><span class=\"wpcf7-quiz-label\">1+1=?<\/span> <input size=\"40\" class=\"wpcf7-form-control wpcf7-quiz\" autocomplete=\"off\" aria-required=\"true\" aria-invalid=\"false\" type=\"text\" name=\"quiz-899\" \/><\/label><input type=\"hidden\" name=\"_wpcf7_quiz_answer_quiz-899\" value=\"1d4ecdc7049b0a842df40665d3d7abc8\" \/><\/span>\n<\/p>\n<p><input class=\"wpcf7-form-control has-spinner wpcf7-submit\" type=\"submit\" value=\"Senden\" \/>\n<\/p><div class=\"wpcf7-response-output\" aria-hidden=\"true\"><\/div><\/form><\/div>\n<\/div>\n<\/div><\/div><\/div><div id=\"pgc-25-1-1\"  class=\"panel-grid-cell\" ><div id=\"panel-25-1-1-0\" class=\"so-panel widget widget_sow-editor panel-first-child panel-last-child\" data-index=\"2\" ><div class=\"panel-widget-style panel-widget-style-for-25-1-1-0\" ><div\n\t\t\t\n\t\t\tclass=\"so-widget-sow-editor so-widget-sow-editor-base\"\n\t\t\t\n\t\t>\n<div class=\"siteorigin-widget-tinymce textwidget\">\n\t<p><strong>Anschrift:<\/strong><br \/>\nDeutsche Pfadfinderschaft Sankt Georg<br \/>\nPfadfinderstamm Wernau<br \/>\nKirchheimerstra\u00dfe 68-70<br \/>\n73249 Wernau<\/p>\n<p><strong>Kontakt:<br \/>\n<\/strong>E-Mail: <a href=\"mailto:info@dpsg-wernau.de\">info@dpsg-wernau.de<\/a><\/p>\n<p>Philipp Nold: 0157 82290564<\/p>\n<p><strong>Vorst\u00e4nde:<\/strong><br \/>\nDPSG: Franz Landh\u00e4u\u00dfer, Philipp Nold<\/p>\n<\/div>\n<\/div><\/div><\/div><\/div><\/div><\/div>","protected":false},"excerpt":{"rendered":"<p>Anschrift: Deutsche Pfadfinderschaft Sankt Georg Pfadfinderstamm Wernau Kirchheimerstra\u00dfe 68-70 73249 Wernau Kontakt: E-Mail: info@dpsg-wernau.de Philipp Nold: 0157 82290564 Vorst\u00e4nde: DPSG: Franz Landh\u00e4u\u00dfer, Philipp Nold<\/p>\n","protected":false},"author":2,"featured_media":0,"parent":0,"menu_order":0,"comment_status":"closed","ping_status":"closed","template":"elementor_header_footer","meta":[],"yoast_head":"<!-- This site is optimized with the Yoast SEO plugin v19.14 - https:\/\/yoast.com\/wordpress\/plugins\/seo\/ -->\n<title>Kontakt - [D]PSG Wernau<\/title>\n<meta name=\"description\" content=\"Willst du mehr \u00fcber uns Pfadfinder und Pfadfinderinnen erfahren? Oder mal bei einer Gruppenstunde vorbei schauen? Melde dich gerne bei uns.\" \/>\n<meta name=\"robots\" content=\"index, follow, max-snippet:-1, max-image-preview:large, max-video-preview:-1\" \/>\n<link rel=\"canonical\" href=\"https:\/\/dpsg-wernau.de\/wordpress\/kontakt\/\" \/>\n<meta property=\"og:locale\" content=\"de_DE\" \/>\n<meta property=\"og:type\" content=\"article\" \/>\n<meta property=\"og:title\" content=\"Kontakt - [D]PSG Wernau\" \/>\n<meta property=\"og:description\" content=\"Willst du mehr \u00fcber uns Pfadfinder und Pfadfinderinnen erfahren? Oder mal bei einer Gruppenstunde vorbei schauen? Melde dich gerne bei uns.\" \/>\n<meta property=\"og:url\" content=\"https:\/\/dpsg-wernau.de\/wordpress\/kontakt\/\" \/>\n<meta property=\"og:site_name\" content=\"[D]PSG Wernau\" \/>\n<meta property=\"article:modified_time\" content=\"2022-11-24T07:32:33+00:00\" \/>\n<meta name=\"twitter:card\" content=\"summary_large_image\" \/>\n<meta name=\"twitter:label1\" content=\"Gesch\u00e4tzte Lesezeit\" \/>\n\t<meta name=\"twitter:data1\" content=\"1\u00a0Minute\" \/>\n<script type=\"application\/ld+json\" class=\"yoast-schema-graph\">{\"@context\":\"https:\/\/schema.org\",\"@graph\":[{\"@type\":\"WebPage\",\"@id\":\"https:\/\/dpsg-wernau.de\/wordpress\/kontakt\/\",\"url\":\"https:\/\/dpsg-wernau.de\/wordpress\/kontakt\/\",\"name\":\"Kontakt - [D]PSG Wernau\",\"isPartOf\":{\"@id\":\"https:\/\/dpsg-wernau.de\/wordpress\/#website\"},\"datePublished\":\"2016-07-25T13:53:53+00:00\",\"dateModified\":\"2022-11-24T07:32:33+00:00\",\"description\":\"Willst du mehr \u00fcber uns Pfadfinder und Pfadfinderinnen erfahren? Oder mal bei einer Gruppenstunde vorbei schauen? Melde dich gerne bei uns.\",\"breadcrumb\":{\"@id\":\"https:\/\/dpsg-wernau.de\/wordpress\/kontakt\/#breadcrumb\"},\"inLanguage\":\"de\",\"potentialAction\":[{\"@type\":\"ReadAction\",\"target\":[\"https:\/\/dpsg-wernau.de\/wordpress\/kontakt\/\"]}]},{\"@type\":\"BreadcrumbList\",\"@id\":\"https:\/\/dpsg-wernau.de\/wordpress\/kontakt\/#breadcrumb\",\"itemListElement\":[{\"@type\":\"ListItem\",\"position\":1,\"name\":\"Startseite\",\"item\":\"https:\/\/dpsg-wernau.de\/wordpress\/\"},{\"@type\":\"ListItem\",\"position\":2,\"name\":\"Kontakt\"}]},{\"@type\":\"WebSite\",\"@id\":\"https:\/\/dpsg-wernau.de\/wordpress\/#website\",\"url\":\"https:\/\/dpsg-wernau.de\/wordpress\/\",\"name\":\"[D]PSG Wernau\",\"description\":\"Deutsche Pfadfinderschaft St. Georg und Pfadfinderinnenschaft St. Georg\",\"potentialAction\":[{\"@type\":\"SearchAction\",\"target\":{\"@type\":\"EntryPoint\",\"urlTemplate\":\"https:\/\/dpsg-wernau.de\/wordpress\/?s={search_term_string}\"},\"query-input\":\"required name=search_term_string\"}],\"inLanguage\":\"de\"}]}<\/script>\n<!-- \/ Yoast SEO plugin. -->","yoast_head_json":{"title":"Kontakt - [D]PSG Wernau","description":"Willst du mehr \u00fcber uns Pfadfinder und Pfadfinderinnen erfahren? Oder mal bei einer Gruppenstunde vorbei schauen? Melde dich gerne bei uns.","robots":{"index":"index","follow":"follow","max-snippet":"max-snippet:-1","max-image-preview":"max-image-preview:large","max-video-preview":"max-video-preview:-1"},"canonical":"https:\/\/dpsg-wernau.de\/wordpress\/kontakt\/","og_locale":"de_DE","og_type":"article","og_title":"Kontakt - [D]PSG Wernau","og_description":"Willst du mehr \u00fcber uns Pfadfinder und Pfadfinderinnen erfahren? Oder mal bei einer Gruppenstunde vorbei schauen? Melde dich gerne bei uns.","og_url":"https:\/\/dpsg-wernau.de\/wordpress\/kontakt\/","og_site_name":"[D]PSG Wernau","article_modified_time":"2022-11-24T07:32:33+00:00","twitter_card":"summary_large_image","twitter_misc":{"Gesch\u00e4tzte Lesezeit":"1\u00a0Minute"},"schema":{"@context":"https:\/\/schema.org","@graph":[{"@type":"WebPage","@id":"https:\/\/dpsg-wernau.de\/wordpress\/kontakt\/","url":"https:\/\/dpsg-wernau.de\/wordpress\/kontakt\/","name":"Kontakt - [D]PSG Wernau","isPartOf":{"@id":"https:\/\/dpsg-wernau.de\/wordpress\/#website"},"datePublished":"2016-07-25T13:53:53+00:00","dateModified":"2022-11-24T07:32:33+00:00","description":"Willst du mehr \u00fcber uns Pfadfinder und Pfadfinderinnen erfahren? Oder mal bei einer Gruppenstunde vorbei schauen? Melde dich gerne bei uns.","breadcrumb":{"@id":"https:\/\/dpsg-wernau.de\/wordpress\/kontakt\/#breadcrumb"},"inLanguage":"de","potentialAction":[{"@type":"ReadAction","target":["https:\/\/dpsg-wernau.de\/wordpress\/kontakt\/"]}]},{"@type":"BreadcrumbList","@id":"https:\/\/dpsg-wernau.de\/wordpress\/kontakt\/#breadcrumb","itemListElement":[{"@type":"ListItem","position":1,"name":"Startseite","item":"https:\/\/dpsg-wernau.de\/wordpress\/"},{"@type":"ListItem","position":2,"name":"Kontakt"}]},{"@type":"WebSite","@id":"https:\/\/dpsg-wernau.de\/wordpress\/#website","url":"https:\/\/dpsg-wernau.de\/wordpress\/","name":"[D]PSG Wernau","description":"Deutsche Pfadfinderschaft St. Georg und Pfadfinderinnenschaft St. Georg","potentialAction":[{"@type":"SearchAction","target":{"@type":"EntryPoint","urlTemplate":"https:\/\/dpsg-wernau.de\/wordpress\/?s={search_term_string}"},"query-input":"required name=search_term_string"}],"inLanguage":"de"}]}},"_links":{"self":[{"href":"https:\/\/dpsg-wernau.de\/wordpress\/wp-json\/wp\/v2\/pages\/25"}],"collection":[{"href":"https:\/\/dpsg-wernau.de\/wordpress\/wp-json\/wp\/v2\/pages"}],"about":[{"href":"https:\/\/dpsg-wernau.de\/wordpress\/wp-json\/wp\/v2\/types\/page"}],"author":[{"embeddable":true,"href":"https:\/\/dpsg-wernau.de\/wordpress\/wp-json\/wp\/v2\/users\/2"}],"replies":[{"embeddable":true,"href":"https:\/\/dpsg-wernau.de\/wordpress\/wp-json\/wp\/v2\/comments?post=25"}],"version-history":[{"count":26,"href":"https:\/\/dpsg-wernau.de\/wordpress\/wp-json\/wp\/v2\/pages\/25\/revisions"}],"predecessor-version":[{"id":1108,"href":"https:\/\/dpsg-wernau.de\/wordpress\/wp-json\/wp\/v2\/pages\/25\/revisions\/1108"}],"wp:attachment":[{"href":"https:\/\/dpsg-wernau.de\/wordpress\/wp-json\/wp\/v2\/media?parent=25"}],"curies":[{"name":"wp","href":"https:\/\/api.w.org\/{rel}","templated":true}]}}